{"id":11766,"date":"2024-05-26T23:29:08","date_gmt":"2024-05-26T20:29:08","guid":{"rendered":"https:\/\/technoworld.az\/?post_type=product&#038;p=11766"},"modified":"2024-08-07T18:44:58","modified_gmt":"2024-08-07T15:44:58","slug":"noutbuk-asus-zenbook-ux3402za-km023w-90nb0wc1-m00bm0","status":"publish","type":"product","link":"https:\/\/technoworld.az\/ru\/product\/noutbuk-asus-zenbook-ux3402za-km023w-90nb0wc1-m00bm0\/","title":{"rendered":"Noutbuk ASUS Zenbook UX3402ZA-KM023W (90NB0WC1-M00BM0)"},"content":{"rendered":"<p><span style=\"font-family: Arial, Helvetica, sans-serif;\"><strong>\u0411\u0440\u0435\u043d\u0434:<\/strong> ASUS<\/span><\/p>\n<p><span style=\"font-family: Arial, Helvetica, sans-serif;\"><strong>\u041c\u043e\u0434\u0435\u043b\u044c <\/strong>Zenbook<\/span><\/p>\n<p><span style=\"font-family: Arial, Helvetica, sans-serif;\"><strong>\u041e\u043f\u0435\u0440\u0430\u0446\u0438\u043e\u043d\u043d\u0430\u044f \u0441\u0438\u0441\u0442\u0435\u043c\u0430:<\/strong> Windows 11 Home<\/span><\/p>\n<p><span style=\"font-family: Arial, Helvetica, sans-serif;\"><strong>\u041f\u0440\u043e\u0446\u0435\u0441\u0441\u043e\u0440: <\/strong>Intel Core i7-1260P, 12C, (2.10 &#8211; 4<\/span><span style=\"font-family: Arial, Helvetica, sans-serif;\">.70 GHz)<\/span><\/p>\n<p><span style=\"font-family: Arial, Helvetica, sans-serif;\"><strong>\u0412\u0438\u0434\u0435\u043e\u043a\u0430\u0440\u0442\u0430:<\/strong> \u0432\u0441\u0442\u0440\u043e\u0435\u043d\u043d\u0430\u044f \u0433\u0440\u0430\u0444\u0438\u043a\u0430 Intel Iris Xe<\/span><\/p>\n<p><span style=\"font-family: Arial, Helvetica, sans-serif;\"><strong>\u041e\u043f\u0435\u0440\u0430\u0442\u0438\u0432\u043d\u0430\u044f \u043f\u0430\u043c\u044f\u0442\u044c:<\/strong> 16GB DDR5-3200<\/span><\/p>\n<p><span style=\"font-family: Arial, Helvetica, sans-serif;\"><strong>SSD:<\/strong> 512 GB<\/span><\/p>\n<p><span style=\"font-family: Arial, Helvetica, sans-serif;\"><strong>\u0422\u0438\u043f \u044d\u043a\u0440\u0430\u043d\u0430: <\/strong>IPS<\/span><\/p>\n<p><span style=\"font-family: Arial, Helvetica, sans-serif;\"><strong>\u0414\u0438\u0430\u0433\u043e\u043d\u0430\u043b\u044c \u044d\u043a\u0440\u0430\u043d\u0430: <\/strong>14<\/span><\/p>\n<p><span style=\"font-family: Arial, Helvetica, sans-serif;\"><strong>\u0412\u043e\u0437\u043c\u043e\u0436\u043d\u043e\u0441\u0442\u0438 \u0434\u0438\u0441\u043f\u043b\u0435\u044f: <\/strong>2880 x 1800<\/span><\/p>\n<p><span style=\"font-family: Arial, Helvetica, sans-serif;\"><strong>\u0410\u043a\u043a\u0443\u043c\u0443\u043b\u044f\u0442\u043e\u0440:<\/strong> 75 Vts<\/span><\/p>\n<p><span style=\"font-family: Arial, Helvetica, sans-serif;\"><strong>\u0418\u043d\u0442\u0435\u0440\u0444\u0435\u0439\u0441\u044b: <\/strong>2x USB 3.2 Gen1 Type-A, 1x USB 3.2 Gen2 Type-C, 1x USB 2.0 Type-A, 1x HDMI 1.4<\/span><\/p>\n<p><span style=\"font-family: Arial, Helvetica, sans-serif;\"><strong>\u0412\u0435\u0431-<\/strong><strong> \u043a\u0430\u043c\u0435\u0440\u0430 <\/strong>1 MP (720p)<\/span><\/p>\n<p><span style=\"font-family: Arial, Helvetica, sans-serif;\"><strong>Wi-Fi: <\/strong>Wi-Fi 6(802.11ax)<\/span><\/p>\n<p><span style=\"font-family: Arial, Helvetica, sans-serif;\"><strong>Bluetooth: <\/strong>5<\/span><\/p>\n<p><span style=\"font-family: Arial, Helvetica, sans-serif;\"><strong>\u0420\u0430\u0437\u043c\u0435\u0440\u044b, \u043c\u043c: <\/strong>313.6 x 220.6 x 16.9<\/span><\/p>\n<p><span style=\"font-family: Arial, Helvetica, sans-serif;\"><strong>\u0412\u0435\u0441 (\u043a\u0433: <\/strong>1.39<\/span><\/p>\n<p><span style=\"font-family: Arial, Helvetica, sans-serif;\"><strong>\u0426\u0432\u0435\u0442: <\/strong>Ponder Blue<\/span><\/p>","protected":false},"excerpt":{"rendered":"<p>\u018fm\u0259liyyat sistemi: Windows 11 Home<\/p>\n<p>Prosessor: Intel Core i7-1260P<\/p>\n<p>Videokart: qura\u015fd\u0131r\u0131lm\u0131\u015f Intel Iris Xe Graphics<\/p>\n<p>\u041e\u043f\u0435\u0440\u0430\u0442\u0438\u0432\u043d\u0430\u044f \u043f\u0430\u043c\u044f\u0442\u044c: 16 \u0413\u0411<\/p>\n<p>SSD: 512 GB<\/p>\n<p>\u0414\u0438\u0430\u0433\u043e\u043d\u0430\u043b\u044c \u044d\u043a\u0440\u0430\u043d\u0430: 14<\/p>\n<p>Z\u0259man\u0259t m\u00fcdd\u0259ti: 24 ay<\/p>","protected":false},"featured_media":11856,"comment_status":"closed","ping_status":"closed","template":"","meta":[],"product_brand":[],"product_cat":[141],"product_tag":[],"class_list":{"0":"post-11766","1":"product","2":"type-product","3":"status-publish","4":"has-post-thumbnail","6":"product_cat-noutbuklar-az","7":"pa_ekran-imkanlari-2880x1800","8":"pa_eo-windows-11-home","9":"pa_istehsalci-asus-az","10":"pa_nuve-sayi-2860","11":"pa_prosessor-intel-core-i7-1260p","12":"pa_reng-goy","13":"pa_seriya-zenbook","14":"pa_ssd-512-gb","15":"pa_tyinat-universal","16":"pa_videokart-modeli-intel-iris-xe-graphics","18":"first","19":"instock","20":"shipping-taxable","21":"purchasable","22":"product-type-simple"},"_links":{"self":[{"href":"https:\/\/technoworld.az\/ru\/wp-json\/wp\/v2\/product\/11766","targetHints":{"allow":["GET"]}}],"collection":[{"href":"https:\/\/technoworld.az\/ru\/wp-json\/wp\/v2\/product"}],"about":[{"href":"https:\/\/technoworld.az\/ru\/wp-json\/wp\/v2\/types\/product"}],"replies":[{"embeddable":true,"href":"https:\/\/technoworld.az\/ru\/wp-json\/wp\/v2\/comments?post=11766"}],"wp:featuredmedia":[{"embeddable":true,"href":"https:\/\/technoworld.az\/ru\/wp-json\/wp\/v2\/media\/11856"}],"wp:attachment":[{"href":"https:\/\/technoworld.az\/ru\/wp-json\/wp\/v2\/media?parent=11766"}],"wp:term":[{"taxonomy":"product_brand","embeddable":true,"href":"https:\/\/technoworld.az\/ru\/wp-json\/wp\/v2\/product_brand?post=11766"},{"taxonomy":"product_cat","embeddable":true,"href":"https:\/\/technoworld.az\/ru\/wp-json\/wp\/v2\/product_cat?post=11766"},{"taxonomy":"product_tag","embeddable":true,"href":"https:\/\/technoworld.az\/ru\/wp-json\/wp\/v2\/product_tag?post=11766"}],"curies":[{"name":"wp","href":"https:\/\/api.w.org\/{rel}","templated":true}]}}