{"id":11959,"date":"2024-05-27T21:05:49","date_gmt":"2024-05-27T18:05:49","guid":{"rendered":"https:\/\/technoworld.az\/?post_type=product&#038;p=11959"},"modified":"2024-10-24T00:01:09","modified_gmt":"2024-10-23T21:01:09","slug":"noutbuk-asus-vivobook-tn3604ya-mc064w-90nb1041-m002k0","status":"publish","type":"product","link":"https:\/\/technoworld.az\/ru\/product\/noutbuk-asus-vivobook-tn3604ya-mc064w-90nb1041-m002k0\/","title":{"rendered":"Noutbuk ASUS VivoBook TN3604YA-MC064W (90NB1041-M002K0)"},"content":{"rendered":"<p><span style=\"font-family: Arial, Helvetica, sans-serif;\"><strong>\u0411\u0440\u0435\u043d\u0434:<\/strong> ASUS<\/span><\/p>\n<p><span style=\"font-family: Arial, Helvetica, sans-serif;\"><strong>\u041c\u043e\u0434\u0435\u043b\u044c <\/strong>VivoBook<\/span><\/p>\n<p><span style=\"font-family: Arial, Helvetica, sans-serif;\"><strong>\u041e\u043f\u0435\u0440\u0430\u0446\u0438\u043e\u043d\u043d\u0430\u044f \u0441\u0438\u0441\u0442\u0435\u043c\u0430:<\/strong> Windows 11 Home<\/span><\/p>\n<p><span style=\"font-family: Arial, Helvetica, sans-serif;\"><strong>\u041f\u0440\u043e\u0446\u0435\u0441\u0441\u043e\u0440:<\/strong> AMD Ryzen 5 7530U, 6C, (2.0 &#8211; 4<\/span><span style=\"font-family: Arial, Helvetica, sans-serif;\">.50 GHz)<\/span><\/p>\n<p><span style=\"font-family: Arial, Helvetica, sans-serif;\"><strong>\u0412\u0438\u0434\u0435\u043e\u043a\u0430\u0440\u0442\u0430:<\/strong> \u0432\u0441\u0442\u0440\u043e\u0435\u043d\u043d\u0430\u044f \u0433\u0440\u0430\u0444\u0438\u043a\u0430 AMD Radeon<\/span><\/p>\n<p><span style=\"font-family: Arial, Helvetica, sans-serif;\"><strong>\u041e\u043f\u0435\u0440\u0430\u0442\u0438\u0432\u043d\u0430\u044f \u043f\u0430\u043c\u044f\u0442\u044c:<\/strong> 16GB DDR4-3200<\/span><\/p>\n<p><span style=\"font-family: Arial, Helvetica, sans-serif;\"><strong>SSD:<\/strong> 512 GB<\/span><\/p>\n<p><span style=\"font-family: Arial, Helvetica, sans-serif;\"><strong>\u0422\u0438\u043f \u044d\u043a\u0440\u0430\u043d\u0430: <\/strong>IPS<\/span><\/p>\n<p><span style=\"font-family: Arial, Helvetica, sans-serif;\"><strong>\u0414\u0438\u0430\u0433\u043e\u043d\u0430\u043b\u044c \u044d\u043a\u0440\u0430\u043d\u0430: <\/strong>16<\/span><\/p>\n<p><span style=\"font-family: Arial, Helvetica, sans-serif;\"><strong>\u0412\u043e\u0437\u043c\u043e\u0436\u043d\u043e\u0441\u0442\u0438 \u0434\u0438\u0441\u043f\u043b\u0435\u044f: <\/strong>1920 x 1200<\/span><\/p>\n<p><span style=\"font-family: Arial, Helvetica, sans-serif;\"><strong>\u0410\u043a\u043a\u0443\u043c\u0443\u043b\u044f\u0442\u043e\u0440:<\/strong> 50 Vts<\/span><\/p>\n<p><span style=\"font-family: Arial, Helvetica, sans-serif;\"><strong>\u0418\u043d\u0442\u0435\u0440\u0444\u0435\u0439\u0441\u044b: <\/strong>2x USB 3.2 Gen1 Type-A, 1x USB 3.2 Gen2 Type-C, 1x USB 2.0 Type-A, 1x HDMI 1.4<\/span><\/p>\n<p><span style=\"font-family: Arial, Helvetica, sans-serif;\"><strong>\u0412\u0435\u0431-<\/strong><strong> \u043a\u0430\u043c\u0435\u0440\u0430 <\/strong>1 MP (1080p)<\/span><\/p>\n<p><span style=\"font-family: Arial, Helvetica, sans-serif;\"><strong>Wi-Fi: <\/strong>Wi-Fi 6E(802.11ax)<\/span><\/p>\n<p><span style=\"font-family: Arial, Helvetica, sans-serif;\"><strong>Bluetooth: <\/strong>5.3<\/span><\/p>\n<p><span style=\"font-family: Arial, Helvetica, sans-serif;\"><strong>\u0420\u0430\u0437\u043c\u0435\u0440\u044b, \u043c\u043c: <\/strong>359.3 x 229.4 x 17.9<\/span><\/p>\n<p><span style=\"font-family: Arial, Helvetica, sans-serif;\"><strong>\u0412\u0435\u0441 (\u043a\u0433: <\/strong>1.7<\/span><\/p>\n<p><span style=\"font-family: Arial, Helvetica, sans-serif;\"><strong>\u0426\u0432\u0435\u0442: <\/strong>Midnight Black\u00a0<\/span><\/p>","protected":false},"excerpt":{"rendered":"<p>\u041e\u043f\u0435\u0440\u0430\u0446\u0438\u043e\u043d\u043d\u0430\u044f \u0441\u0438\u0441\u0442\u0435\u043c\u0430: \u0411\u0435\u0441\u043f\u043b\u0430\u0442\u043d\u0430\u044f DOS.<\/p>\n<p>Prosessor: AMD Ryzen 5 7530U<\/p>\n<p>Videokart: qura\u015fd\u0131r\u0131lm\u0131\u015f AMD Radeon Graphics<\/p>\n<p>\u041e\u043f\u0435\u0440\u0430\u0442\u0438\u0432\u043d\u0430\u044f \u043f\u0430\u043c\u044f\u0442\u044c: 16 \u0413\u0411<\/p>\n<p>SSD: 512 GB<\/p>\n<p>Ekran diaqonal\u0131: 16<\/p>\n<p>\u0413\u0430\u0440\u0430\u043d\u0442\u0438\u0439\u043d\u044b\u0439 \u0441\u0440\u043e\u043a: 12 \u043c\u0435\u0441\u044f\u0446\u0435\u0432.<\/p>","protected":false},"featured_media":11976,"comment_status":"closed","ping_status":"closed","template":"","meta":[],"product_brand":[],"product_cat":[141],"product_tag":[],"class_list":{"0":"post-11959","1":"product","2":"type-product","3":"status-publish","4":"has-post-thumbnail","6":"product_cat-noutbuklar-az","7":"pa_eo-windows-11-home","8":"pa_istehsalci-asus-az","9":"pa_nuve-sayi-1133","10":"pa_prosessor-amd-ryzen-5-7530u","11":"pa_reng-qara","12":"pa_seriya-vivobook","13":"pa_ssd-512-gb","14":"pa_tyinat-ofis-ucun","15":"pa_videokart-modeli-amd-radeon-graphics","17":"first","18":"instock","19":"shipping-taxable","20":"purchasable","21":"product-type-simple"},"_links":{"self":[{"href":"https:\/\/technoworld.az\/ru\/wp-json\/wp\/v2\/product\/11959","targetHints":{"allow":["GET"]}}],"collection":[{"href":"https:\/\/technoworld.az\/ru\/wp-json\/wp\/v2\/product"}],"about":[{"href":"https:\/\/technoworld.az\/ru\/wp-json\/wp\/v2\/types\/product"}],"replies":[{"embeddable":true,"href":"https:\/\/technoworld.az\/ru\/wp-json\/wp\/v2\/comments?post=11959"}],"wp:featuredmedia":[{"embeddable":true,"href":"https:\/\/technoworld.az\/ru\/wp-json\/wp\/v2\/media\/11976"}],"wp:attachment":[{"href":"https:\/\/technoworld.az\/ru\/wp-json\/wp\/v2\/media?parent=11959"}],"wp:term":[{"taxonomy":"product_brand","embeddable":true,"href":"https:\/\/technoworld.az\/ru\/wp-json\/wp\/v2\/product_brand?post=11959"},{"taxonomy":"product_cat","embeddable":true,"href":"https:\/\/technoworld.az\/ru\/wp-json\/wp\/v2\/product_cat?post=11959"},{"taxonomy":"product_tag","embeddable":true,"href":"https:\/\/technoworld.az\/ru\/wp-json\/wp\/v2\/product_tag?post=11959"}],"curies":[{"name":"wp","href":"https:\/\/api.w.org\/{rel}","templated":true}]}}