{"id":13227,"date":"2024-06-29T16:22:45","date_gmt":"2024-06-29T13:22:45","guid":{"rendered":"https:\/\/technoworld.az\/?post_type=product&#038;p=13227"},"modified":"2025-04-11T20:36:30","modified_gmt":"2025-04-11T17:36:30","slug":"sican-logitech-m100-910-006652","status":"publish","type":"product","link":"https:\/\/technoworld.az\/ru\/product\/sican-logitech-m100-910-006652\/","title":{"rendered":"Si\u00e7an Logitech M100 (910-006652)"},"content":{"rendered":"<p><strong>\u0411\u0440\u0435\u043d\u0434:<\/strong> Logitech<\/p>\n<p><strong>T\u0259yinat:<\/strong> ofis \u00fc\u00e7\u00fcn<\/p>\n<p><strong>Qo\u015fulma n\u00f6v\u00fc:<\/strong> simli<\/p>\n<p><strong>Kabelin uzunlu\u011fu, m:<\/strong> 1.8<\/p>\n<p><strong>Qurulu\u015fu:<\/strong> sa\u011f v\u0259 sol \u0259l \u00fc\u00e7\u00fcn<\/p>\n<p><strong>D\u00fcym\u0259l\u0259rin say\u0131:\u00a0<\/strong>3<\/p>\n<p><strong>DPI:\u00a0<\/strong>1000<\/p>\n<p><strong>Sensorun n\u00f6v\u00fc:<\/strong> optik<\/p>\n<p><strong>\u0420\u0430\u0437\u043c\u0435\u0440\u044b, \u043c\u043c:<\/strong> 113 x 62 x 38<\/p>\n<p><strong>\u00c7\u0259ki, q:<\/strong> 90<\/p>\n<p><strong>\u0426\u0432\u0435\u0442:<\/strong> qara<\/p>","protected":false},"excerpt":{"rendered":"<p>Brend: Logitech T\u0259yinat: ofis \u00fc\u00e7\u00fcn Qo\u015fulma n\u00f6v\u00fc: simli Kabelin uzunlu\u011fu, m: 1.8 Qurulu\u015fu: sa\u011f v\u0259 sol \u0259l \u00fc\u00e7\u00fcn D\u00fcym\u0259l\u0259rin say\u0131:\u00a03 DPI:\u00a01000 Sensorun n\u00f6v\u00fc: optik \u00d6l\u00e7\u00fcl\u0259r, mm: 113 x 62 x 38 \u00c7\u0259ki, q: 90 R\u0259ng: qara<\/p>","protected":false},"featured_media":13231,"comment_status":"closed","ping_status":"closed","template":"","meta":[],"product_brand":[],"product_cat":[140],"product_tag":[],"class_list":{"0":"post-13227","1":"product","2":"type-product","3":"status-publish","4":"has-post-thumbnail","6":"product_cat-mouse-az","7":"pa_istehsalci-logitech","8":"pa_maksimum-ayirdetm-dpi-2219","9":"pa_qosulma-novu-simli","10":"pa_reng-qara","12":"first","13":"instock","14":"shipping-taxable","15":"purchasable","16":"product-type-simple"},"_links":{"self":[{"href":"https:\/\/technoworld.az\/ru\/wp-json\/wp\/v2\/product\/13227","targetHints":{"allow":["GET"]}}],"collection":[{"href":"https:\/\/technoworld.az\/ru\/wp-json\/wp\/v2\/product"}],"about":[{"href":"https:\/\/technoworld.az\/ru\/wp-json\/wp\/v2\/types\/product"}],"replies":[{"embeddable":true,"href":"https:\/\/technoworld.az\/ru\/wp-json\/wp\/v2\/comments?post=13227"}],"wp:featuredmedia":[{"embeddable":true,"href":"https:\/\/technoworld.az\/ru\/wp-json\/wp\/v2\/media\/13231"}],"wp:attachment":[{"href":"https:\/\/technoworld.az\/ru\/wp-json\/wp\/v2\/media?parent=13227"}],"wp:term":[{"taxonomy":"product_brand","embeddable":true,"href":"https:\/\/technoworld.az\/ru\/wp-json\/wp\/v2\/product_brand?post=13227"},{"taxonomy":"product_cat","embeddable":true,"href":"https:\/\/technoworld.az\/ru\/wp-json\/wp\/v2\/product_cat?post=13227"},{"taxonomy":"product_tag","embeddable":true,"href":"https:\/\/technoworld.az\/ru\/wp-json\/wp\/v2\/product_tag?post=13227"}],"curies":[{"name":"wp","href":"https:\/\/api.w.org\/{rel}","templated":true}]}}