{"id":13345,"date":"2024-06-29T19:58:21","date_gmt":"2024-06-29T16:58:21","guid":{"rendered":"https:\/\/technoworld.az\/?post_type=product&#038;p=13345"},"modified":"2025-04-12T21:05:50","modified_gmt":"2025-04-12T18:05:50","slug":"sican-logitech-pebble-mouse-2-m350s-910-007015","status":"publish","type":"product","link":"https:\/\/technoworld.az\/ru\/product\/sican-logitech-pebble-mouse-2-m350s-910-007015\/","title":{"rendered":"Si\u00e7an Logitech Pebble Mouse 2 M350s (910-007015)"},"content":{"rendered":"<p><strong>\u0411\u0440\u0435\u043d\u0434:<\/strong> Logitech<\/p>\n<p><strong>T\u0259yinat:<\/strong> ofis \u00fc\u00e7\u00fcn<\/p>\n<p><strong>Qo\u015fulma n\u00f6v\u00fc:<\/strong> simsiz<\/p>\n<p><strong>M\u0259saf\u0259 f\u0259aliyy\u0259ti, m:<\/strong> 10<\/p>\n<p><strong>Qurulu\u015fu:<\/strong> sa\u011f v\u0259 sol \u0259l \u00fc\u00e7\u00fcn<\/p>\n<p><strong>D\u00fcym\u0259l\u0259rin say\u0131:\u00a0<\/strong>3<\/p>\n<p><strong>DPI: <\/strong>4000<\/p>\n<p><strong>Sensorun n\u00f6v\u00fc:<\/strong> optik<\/p>\n<p><strong>\u0420\u0430\u0437\u043c\u0435\u0440\u044b, \u043c\u043c:<\/strong> 107 \u0445 59 \u0445 26.5<\/p>\n<p><strong>\u00c7\u0259ki, q:<\/strong> 76<\/p>\n<p><strong>\u0426\u0432\u0435\u0442:<\/strong> boz<\/p>","protected":false},"excerpt":{"rendered":"<p>Brend: Logitech T\u0259yinat: ofis \u00fc\u00e7\u00fcn Qo\u015fulma n\u00f6v\u00fc: simsiz M\u0259saf\u0259 f\u0259aliyy\u0259ti, m: 10 Qurulu\u015fu: sa\u011f v\u0259 sol \u0259l \u00fc\u00e7\u00fcn D\u00fcym\u0259l\u0259rin say\u0131:\u00a03 DPI: 4000 Sensorun n\u00f6v\u00fc: optik \u00d6l\u00e7\u00fcl\u0259r, mm: 107 \u0445 59 \u0445 26.5 \u00c7\u0259ki, q: 76 R\u0259ng: boz<\/p>","protected":false},"featured_media":13346,"comment_status":"closed","ping_status":"closed","template":"","meta":[],"product_brand":[],"product_cat":[140],"product_tag":[],"class_list":{"0":"post-13345","1":"product","2":"type-product","3":"status-publish","4":"has-post-thumbnail","6":"product_cat-mouse-az","7":"pa_istehsalci-logitech","8":"pa_maksimum-ayirdetm-dpi-2237","9":"pa_qosulma-novu-simsiz","10":"pa_reng-grey","12":"first","13":"instock","14":"shipping-taxable","15":"purchasable","16":"product-type-simple"},"_links":{"self":[{"href":"https:\/\/technoworld.az\/ru\/wp-json\/wp\/v2\/product\/13345","targetHints":{"allow":["GET"]}}],"collection":[{"href":"https:\/\/technoworld.az\/ru\/wp-json\/wp\/v2\/product"}],"about":[{"href":"https:\/\/technoworld.az\/ru\/wp-json\/wp\/v2\/types\/product"}],"replies":[{"embeddable":true,"href":"https:\/\/technoworld.az\/ru\/wp-json\/wp\/v2\/comments?post=13345"}],"wp:featuredmedia":[{"embeddable":true,"href":"https:\/\/technoworld.az\/ru\/wp-json\/wp\/v2\/media\/13346"}],"wp:attachment":[{"href":"https:\/\/technoworld.az\/ru\/wp-json\/wp\/v2\/media?parent=13345"}],"wp:term":[{"taxonomy":"product_brand","embeddable":true,"href":"https:\/\/technoworld.az\/ru\/wp-json\/wp\/v2\/product_brand?post=13345"},{"taxonomy":"product_cat","embeddable":true,"href":"https:\/\/technoworld.az\/ru\/wp-json\/wp\/v2\/product_cat?post=13345"},{"taxonomy":"product_tag","embeddable":true,"href":"https:\/\/technoworld.az\/ru\/wp-json\/wp\/v2\/product_tag?post=13345"}],"curies":[{"name":"wp","href":"https:\/\/api.w.org\/{rel}","templated":true}]}}