{"id":13350,"date":"2024-06-29T20:19:36","date_gmt":"2024-06-29T17:19:36","guid":{"rendered":"https:\/\/technoworld.az\/?post_type=product&#038;p=13350"},"modified":"2025-04-11T20:24:04","modified_gmt":"2025-04-11T17:24:04","slug":"sican-logitech-g203-lightsync-gaming-mouse","status":"publish","type":"product","link":"https:\/\/technoworld.az\/ru\/product\/sican-logitech-g203-lightsync-gaming-mouse\/","title":{"rendered":"Si\u00e7an Logitech G203 Lightsync Gaming Mouse"},"content":{"rendered":"<p><strong>\u0411\u0440\u0435\u043d\u0434:<\/strong> Logitech<\/p>\n<p><strong>T\u0259yinat:<\/strong> oyun \u00fc\u00e7\u00fcn<\/p>\n<p><strong>Qo\u015fulma n\u00f6v\u00fc:<\/strong> simli<\/p>\n<p><strong>Kabelin uzunlu\u011fu, m:\u00a0<\/strong>2.1<\/p>\n<p><strong>Qurulu\u015fu:<\/strong> sa\u011f \u0259l \u00fc\u00e7\u00fcn<\/p>\n<p><strong>D\u00fcym\u0259l\u0259rin say\u0131:<\/strong> 6<\/p>\n<p><strong>DPI: <\/strong>8000<\/p>\n<p><strong>Sensorun n\u00f6v\u00fc:<\/strong> optik<\/p>\n<p><strong>\u0420\u0430\u0437\u043c\u0435\u0440\u044b, \u043c\u043c:<\/strong> 116.6 x 62.15 x 38.2<\/p>\n<p><strong>\u00c7\u0259ki, q:<\/strong> 85<\/p>\n<p><strong>\u0426\u0432\u0435\u0442:<\/strong> b\u0259n\u00f6v\u015f\u0259yi<\/p>","protected":false},"excerpt":{"rendered":"<p>Brend: Logitech T\u0259yinat: oyun \u00fc\u00e7\u00fcn Qo\u015fulma n\u00f6v\u00fc: simli Kabelin uzunlu\u011fu, m:\u00a02.1 Qurulu\u015fu: sa\u011f \u0259l \u00fc\u00e7\u00fcn D\u00fcym\u0259l\u0259rin say\u0131: 6 DPI: 8000 Sensorun n\u00f6v\u00fc: optik \u00d6l\u00e7\u00fcl\u0259r, mm: 116.6 x 62.15 x 38.2 \u00c7\u0259ki, q: 85 R\u0259ng: b\u0259n\u00f6v\u015f\u0259yi<\/p>","protected":false},"featured_media":13355,"comment_status":"closed","ping_status":"closed","template":"","meta":[],"product_brand":[],"product_cat":[140],"product_tag":[],"class_list":{"0":"post-13350","1":"product","2":"type-product","3":"status-publish","4":"has-post-thumbnail","6":"product_cat-mouse-az","7":"pa_istehsalci-logitech","8":"pa_maksimum-ayirdetm-dpi-2243","9":"pa_qosulma-novu-simli","10":"pa_reng-bnovsyi","11":"pa_tyinat-oyun","13":"first","14":"instock","15":"shipping-taxable","16":"purchasable","17":"product-type-simple"},"_links":{"self":[{"href":"https:\/\/technoworld.az\/ru\/wp-json\/wp\/v2\/product\/13350","targetHints":{"allow":["GET"]}}],"collection":[{"href":"https:\/\/technoworld.az\/ru\/wp-json\/wp\/v2\/product"}],"about":[{"href":"https:\/\/technoworld.az\/ru\/wp-json\/wp\/v2\/types\/product"}],"replies":[{"embeddable":true,"href":"https:\/\/technoworld.az\/ru\/wp-json\/wp\/v2\/comments?post=13350"}],"wp:featuredmedia":[{"embeddable":true,"href":"https:\/\/technoworld.az\/ru\/wp-json\/wp\/v2\/media\/13355"}],"wp:attachment":[{"href":"https:\/\/technoworld.az\/ru\/wp-json\/wp\/v2\/media?parent=13350"}],"wp:term":[{"taxonomy":"product_brand","embeddable":true,"href":"https:\/\/technoworld.az\/ru\/wp-json\/wp\/v2\/product_brand?post=13350"},{"taxonomy":"product_cat","embeddable":true,"href":"https:\/\/technoworld.az\/ru\/wp-json\/wp\/v2\/product_cat?post=13350"},{"taxonomy":"product_tag","embeddable":true,"href":"https:\/\/technoworld.az\/ru\/wp-json\/wp\/v2\/product_tag?post=13350"}],"curies":[{"name":"wp","href":"https:\/\/api.w.org\/{rel}","templated":true}]}}