{"id":14895,"date":"2024-10-02T18:44:53","date_gmt":"2024-10-02T15:44:53","guid":{"rendered":"https:\/\/technoworld.az\/?post_type=product&#038;p=14895"},"modified":"2024-10-21T00:02:11","modified_gmt":"2024-10-20T21:02:11","slug":"monoblok-hp-all-in-one-27-cr0031ci-7x9w5ea","status":"publish","type":"product","link":"https:\/\/technoworld.az\/ru\/product\/monoblok-hp-all-in-one-27-cr0031ci-7x9w5ea\/","title":{"rendered":"Monoblok HP All-in-One 27-cr0031ci (7X9W5EA)"},"content":{"rendered":"<p><strong>\u0411\u0440\u0435\u043d\u0434:<\/strong> HP<\/p>\n<p><strong>\u041c\u043e\u0434\u0435\u043b\u044c <\/strong>All-in-One<\/p>\n<p><strong>\u041e\u043f\u0435\u0440\u0430\u0446\u0438\u043e\u043d\u043d\u0430\u044f \u0441\u0438\u0441\u0442\u0435\u043c\u0430:<\/strong> FreeDos<\/p>\n<p><strong>\u041f\u0440\u043e\u0446\u0435\u0441\u0441\u043e\u0440:<\/strong> Intel\u00ae Core\u2122 i5-1335U, 10C, (0.9 &#8211; 4.6 GHz)<\/p>\n<p><strong>\u0412\u0438\u0434\u0435\u043e\u043a\u0430\u0440\u0442\u0430:<\/strong> \u0432\u0441\u0442\u0440\u043e\u0435\u043d\u043d\u0430\u044f \u0433\u0440\u0430\u0444\u0438\u043a\u0430 Intel Iris Xe<\/p>\n<p><strong>\u041e\u043f\u0435\u0440\u0430\u0442\u0438\u0432\u043d\u0430\u044f \u043f\u0430\u043c\u044f\u0442\u044c:<\/strong> 8GB DDR4-3200<\/p>\n<p><strong>SSD:<\/strong> 512GB M.2 NVMe PCIe\u00ae<\/p>\n<p><strong>\u0422\u0438\u043f \u044d\u043a\u0440\u0430\u043d\u0430:<\/strong>\u00a0IPS<\/p>\n<p><strong>\u041f\u043e\u043a\u0440\u044b\u0442\u0438\u0435 \u044d\u043a\u0440\u0430\u043d\u0430:<\/strong> Anti-Glare<\/p>\n<p><strong>\u0414\u0438\u0430\u0433\u043e\u043d\u0430\u043b\u044c \u044d\u043a\u0440\u0430\u043d\u0430:<\/strong> 27<\/p>\n<p><strong>\u0412\u043e\u0437\u043c\u043e\u0436\u043d\u043e\u0441\u0442\u0438 \u0434\u0438\u0441\u043f\u043b\u0435\u044f:<\/strong> FHD (1920 x 1080)<\/p>\n<p><strong>Parlaql\u0131q, kd\/m2:<\/strong> 300<\/p>\n<p><strong>Qida blokunun g\u00fcc\u00fc, Vt:<\/strong> 90<\/p>\n<p><strong>\u0418\u043d\u0442\u0435\u0440\u0444\u0435\u0439\u0441\u044b: <\/strong>1x USB 3.2 Type-C, 1x USB 3.2 Gen 1 Type-A, 2x USB 2.0, 1x HDMI<\/p>\n<p><strong>Web kamera:<\/strong> var<\/p>\n<p><strong>Wi-Fi:<\/strong> 6 (802.11ax)<\/p>\n<p><strong>Bluetooth:<\/strong> 5.3<\/p>\n<p><strong>\u018flav\u0259 m\u0259lumat:<\/strong> qura\u015fd\u0131r\u0131lm\u0131\u015f dinamikl\u0259r, klaviatura v\u0259 si\u00e7an var<\/p>\n<p><strong>\u0420\u0430\u0437\u043c\u0435\u0440\u044b, \u043c\u043c:<\/strong> 612.5 x 186.3 x 516.8<\/p>\n<p><strong>\u0412\u0435\u0441 (\u043a\u0433:<\/strong> 6.59<\/p>\n<p><strong>\u0426\u0432\u0435\u0442:<\/strong> \u0427\u0451\u0440\u043d\u044b\u0439<\/p>","protected":false},"excerpt":{"rendered":"<p>\u018fm\u0259liyyat sistemi: FreeDos<\/p>\n<p>\u041f\u0440\u043e\u0446\u0435\u0441\u0441\u043e\u0440: Intel\u00ae Core\u2122 i5-1335U<\/p>\n<p>\u0412\u0438\u0434\u0435\u043e\u043a\u0430\u0440\u0442\u0430: \u0432\u0441\u0442\u0440\u043e\u0435\u043d\u043d\u0430\u044f \u0433\u0440\u0430\u0444\u0438\u043a\u0430 Intel\u00ae Iris\u00ae Xe.<\/p>\n<p>\u041e\u043f\u0435\u0440\u0430\u0442\u0438\u0432\u043d\u0430\u044f \u043f\u0430\u043c\u044f\u0442\u044c: 8 GB<\/p>\n<p>SSD: 512 GB<\/p>\n<p>Ekran n\u00f6v\u00fc: IPS<\/p>\n<p>Ekran \u00f6rt\u00fcy\u00fc: Anti-Glare<\/p>\n<p>Ekran diaqonal\u0131: 27<\/p>\n<p>\u0413\u0430\u0440\u0430\u043d\u0442\u0438\u0439\u043d\u044b\u0439 \u0441\u0440\u043e\u043a: 12 \u043c\u0435\u0441\u044f\u0446\u0435\u0432.<\/p>","protected":false},"featured_media":14896,"comment_status":"closed","ping_status":"closed","template":"","meta":[],"product_brand":[],"product_cat":[139],"product_tag":[],"class_list":{"0":"post-14895","1":"product","2":"type-product","3":"status-publish","4":"has-post-thumbnail","6":"product_cat-monobloklar-az","7":"pa_ekran-diaqonali-1070","8":"pa_ekran-imkanlari-1920-x-1080","9":"pa_eo-free-dos","10":"pa_istehsalci-hp","11":"pa_nuve-sayi-2824","12":"pa_operativ-yaddas-8-gb","13":"pa_prosessor-intel-core-i5-1335u","14":"pa_reng-qara","15":"pa_seriya-all-in-one","16":"pa_ssd-512-gb-pcie-nvme-m-2","17":"pa_videokart-modeli-intel-iris-xe-graphics","19":"first","20":"instock","21":"shipping-taxable","22":"purchasable","23":"product-type-simple"},"_links":{"self":[{"href":"https:\/\/technoworld.az\/ru\/wp-json\/wp\/v2\/product\/14895","targetHints":{"allow":["GET"]}}],"collection":[{"href":"https:\/\/technoworld.az\/ru\/wp-json\/wp\/v2\/product"}],"about":[{"href":"https:\/\/technoworld.az\/ru\/wp-json\/wp\/v2\/types\/product"}],"replies":[{"embeddable":true,"href":"https:\/\/technoworld.az\/ru\/wp-json\/wp\/v2\/comments?post=14895"}],"wp:featuredmedia":[{"embeddable":true,"href":"https:\/\/technoworld.az\/ru\/wp-json\/wp\/v2\/media\/14896"}],"wp:attachment":[{"href":"https:\/\/technoworld.az\/ru\/wp-json\/wp\/v2\/media?parent=14895"}],"wp:term":[{"taxonomy":"product_brand","embeddable":true,"href":"https:\/\/technoworld.az\/ru\/wp-json\/wp\/v2\/product_brand?post=14895"},{"taxonomy":"product_cat","embeddable":true,"href":"https:\/\/technoworld.az\/ru\/wp-json\/wp\/v2\/product_cat?post=14895"},{"taxonomy":"product_tag","embeddable":true,"href":"https:\/\/technoworld.az\/ru\/wp-json\/wp\/v2\/product_tag?post=14895"}],"curies":[{"name":"wp","href":"https:\/\/api.w.org\/{rel}","templated":true}]}}