{"id":14940,"date":"2024-10-04T09:16:18","date_gmt":"2024-10-04T06:16:18","guid":{"rendered":"https:\/\/technoworld.az\/?post_type=product&#038;p=14940"},"modified":"2024-10-21T00:02:11","modified_gmt":"2024-10-20T21:02:11","slug":"monoblok-hp-all-in-one-24-cr0034ci-7x9u6ea","status":"publish","type":"product","link":"https:\/\/technoworld.az\/ru\/product\/monoblok-hp-all-in-one-24-cr0034ci-7x9u6ea\/","title":{"rendered":"Monoblok HP All-in-One 24-cr0034ci (7X9U6EA)"},"content":{"rendered":"<p><strong>\u0411\u0440\u0435\u043d\u0434:<\/strong> HP<\/p>\n<p><strong>\u041c\u043e\u0434\u0435\u043b\u044c <\/strong>All-in-One<\/p>\n<p><strong>\u041e\u043f\u0435\u0440\u0430\u0446\u0438\u043e\u043d\u043d\u0430\u044f \u0441\u0438\u0441\u0442\u0435\u043c\u0430:<\/strong> FreeDos<\/p>\n<p><strong>\u041f\u0440\u043e\u0446\u0435\u0441\u0441\u043e\u0440:<\/strong> Intel\u00ae Core\u2122 i7-1355U, 10C, (1.2 &#8211; 5.0 GHz)<\/p>\n<p><strong>\u0412\u0438\u0434\u0435\u043e\u043a\u0430\u0440\u0442\u0430:<\/strong> \u0432\u0441\u0442\u0440\u043e\u0435\u043d\u043d\u0430\u044f \u0433\u0440\u0430\u0444\u0438\u043a\u0430 Intel\u00ae Iris\u00ae Xe<\/p>\n<p><strong>\u041e\u043f\u0435\u0440\u0430\u0442\u0438\u0432\u043d\u0430\u044f \u043f\u0430\u043c\u044f\u0442\u044c:<\/strong> 16GB DDR4-3200<\/p>\n<p><strong>SSD:<\/strong> 512GB M.2 NVMe PCIe\u00ae<\/p>\n<p><strong>\u0422\u0438\u043f \u044d\u043a\u0440\u0430\u043d\u0430:<\/strong>\u00a0IPS<\/p>\n<p><strong>\u041f\u043e\u043a\u0440\u044b\u0442\u0438\u0435 \u044d\u043a\u0440\u0430\u043d\u0430:<\/strong> Anti-Glare<\/p>\n<p><strong>\u0414\u0438\u0430\u0433\u043e\u043d\u0430\u043b\u044c \u044d\u043a\u0440\u0430\u043d\u0430:<\/strong> 23.8<\/p>\n<p><strong>\u0412\u043e\u0437\u043c\u043e\u0436\u043d\u043e\u0441\u0442\u0438 \u0434\u0438\u0441\u043f\u043b\u0435\u044f:<\/strong> FHD (1920 x 1080)<\/p>\n<p><strong>Parlaql\u0131q, kd\/m2:<\/strong> 250<\/p>\n<p><strong>Qida blokunun g\u00fcc\u00fc, Vt:<\/strong> 120<\/p>\n<p><strong>\u0418\u043d\u0442\u0435\u0440\u0444\u0435\u0439\u0441\u044b: <\/strong>1x USB 3.2 Type-C, 2x USB 3.2 Gen 1 Type-A, 2x USB 2.0, 1x HDMI<\/p>\n<p><strong>Web kamera:<\/strong> var<\/p>\n<p><strong>Wi-Fi:<\/strong> 6\u00a0(802.11ax)<\/p>\n<p><strong>Bluetooth:<\/strong> 5.1<\/p>\n<p><strong>\u018flav\u0259 m\u0259lumat:<\/strong> qura\u015fd\u0131r\u0131lm\u0131\u015f dinamikl\u0259r, klaviatura v\u0259 si\u00e7an var<\/p>\n<p><strong>\u0420\u0430\u0437\u043c\u0435\u0440\u044b, \u043c\u043c:<\/strong> 540.6 x 183.7 x 419<\/p>\n<p><strong>\u0412\u0435\u0441 (\u043a\u0433:<\/strong> 5.37<\/p>\n<p><strong>\u0426\u0432\u0435\u0442:<\/strong> White<\/p>","protected":false},"excerpt":{"rendered":"<p>\u018fm\u0259liyyat sistemi: FreeDos<\/p>\n<p>\u041f\u0440\u043e\u0446\u0435\u0441\u0441\u043e\u0440: Intel\u00ae Core\u2122 i7-1355U<\/p>\n<p>\u0412\u0438\u0434\u0435\u043e\u043a\u0430\u0440\u0442\u0430: \u0432\u0441\u0442\u0440\u043e\u0435\u043d\u043d\u0430\u044f \u0433\u0440\u0430\u0444\u0438\u043a\u0430 Intel\u00ae Iris\u00ae Xe.<\/p>\n<p>\u041e\u043f\u0435\u0440\u0430\u0442\u0438\u0432\u043d\u0430\u044f \u043f\u0430\u043c\u044f\u0442\u044c: 16 \u0413\u0411<\/p>\n<p>SSD: 512 GB<\/p>\n<p>Ekran n\u00f6v\u00fc: IPS<\/p>\n<p>Ekran \u00f6rt\u00fcy\u00fc: Anti-Glare<\/p>\n<p>Ekran diaqonal\u0131: 23.8<\/p>\n<p>\u0413\u0430\u0440\u0430\u043d\u0442\u0438\u0439\u043d\u044b\u0439 \u0441\u0440\u043e\u043a: 12 \u043c\u0435\u0441\u044f\u0446\u0435\u0432.<\/p>","protected":false},"featured_media":14941,"comment_status":"closed","ping_status":"closed","template":"","meta":[],"product_brand":[],"product_cat":[139],"product_tag":[],"class_list":{"0":"post-14940","1":"product","2":"type-product","3":"status-publish","4":"has-post-thumbnail","6":"product_cat-monobloklar-az","7":"pa_ekran-diaqonali-23-8","8":"pa_ekran-imkanlari-1920-x-1080","9":"pa_eo-free-dos","10":"pa_istehsalci-hp","11":"pa_nuve-sayi-2824","12":"pa_prosessor-intel-core-i7-1355u","13":"pa_reng-ag","14":"pa_seriya-all-in-one","15":"pa_ssd-512-gb-pcie-nvme-m-2","16":"pa_videokart-modeli-intel-iris-xe-graphics","18":"first","19":"instock","20":"shipping-taxable","21":"purchasable","22":"product-type-simple"},"_links":{"self":[{"href":"https:\/\/technoworld.az\/ru\/wp-json\/wp\/v2\/product\/14940","targetHints":{"allow":["GET"]}}],"collection":[{"href":"https:\/\/technoworld.az\/ru\/wp-json\/wp\/v2\/product"}],"about":[{"href":"https:\/\/technoworld.az\/ru\/wp-json\/wp\/v2\/types\/product"}],"replies":[{"embeddable":true,"href":"https:\/\/technoworld.az\/ru\/wp-json\/wp\/v2\/comments?post=14940"}],"wp:featuredmedia":[{"embeddable":true,"href":"https:\/\/technoworld.az\/ru\/wp-json\/wp\/v2\/media\/14941"}],"wp:attachment":[{"href":"https:\/\/technoworld.az\/ru\/wp-json\/wp\/v2\/media?parent=14940"}],"wp:term":[{"taxonomy":"product_brand","embeddable":true,"href":"https:\/\/technoworld.az\/ru\/wp-json\/wp\/v2\/product_brand?post=14940"},{"taxonomy":"product_cat","embeddable":true,"href":"https:\/\/technoworld.az\/ru\/wp-json\/wp\/v2\/product_cat?post=14940"},{"taxonomy":"product_tag","embeddable":true,"href":"https:\/\/technoworld.az\/ru\/wp-json\/wp\/v2\/product_tag?post=14940"}],"curies":[{"name":"wp","href":"https:\/\/api.w.org\/{rel}","templated":true}]}}