{"id":15364,"date":"2024-10-09T14:03:27","date_gmt":"2024-10-09T11:03:27","guid":{"rendered":"https:\/\/technoworld.az\/?post_type=product&#038;p=15364"},"modified":"2024-11-08T00:05:47","modified_gmt":"2024-11-07T21:05:47","slug":"monitor-viewsonic-va3456-mhdj","status":"publish","type":"product","link":"https:\/\/technoworld.az\/ru\/product\/monitor-viewsonic-va3456-mhdj\/","title":{"rendered":"Monitor ViewSonic VA3456-MHDJ"},"content":{"rendered":"<p><strong>\u0411\u0440\u0435\u043d\u0434:<\/strong> ViewSonic<\/p>\n<p><strong>\u0422\u0438\u043f \u044d\u043a\u0440\u0430\u043d\u0430:<\/strong> IPS<\/p>\n<p><strong>\u041f\u043e\u043a\u0440\u044b\u0442\u0438\u0435 \u044d\u043a\u0440\u0430\u043d\u0430:<\/strong> Anti-Glare<\/p>\n<p><strong>\u0414\u0438\u0430\u0433\u043e\u043d\u0430\u043b\u044c \u044d\u043a\u0440\u0430\u043d\u0430:<\/strong> 34<\/p>\n<p><strong>\u0412\u043e\u0437\u043c\u043e\u0436\u043d\u043e\u0441\u0442\u0438 \u0434\u0438\u0441\u043f\u043b\u0435\u044f:<\/strong> UWQHD (3440 x 1440)<\/p>\n<p><strong>Ekran tezliyi, Hz:<\/strong> 75<\/p>\n<p><strong>Parlaql\u0131q, kd\/m2:<\/strong> 420<\/p>\n<p><strong>Kontrast:<\/strong> 1000:1<\/p>\n<p><strong>\u0130\u015f\u0131qland\u0131rma:<\/strong> LED<\/p>\n<p><strong>\u0418\u043d\u0442\u0435\u0440\u0444\u0435\u0439\u0441\u044b:<\/strong> HDMI 2.0, DP, 3.5 mm MiniJack<\/p>\n<p><strong>\u018flav\u0259 m\u0259lumat:<\/strong> divar montaj\u0131, dinamikl\u0259r<\/p>\n<p><strong>\u0420\u0430\u0437\u043c\u0435\u0440\u044b, \u043c\u043c:<\/strong> 817 x 413.31 x 201<\/p>\n<p><strong>\u0412\u0435\u0441 (\u043a\u0433:<\/strong> 9.2<\/p>\n<p><strong>\u0426\u0432\u0435\u0442:<\/strong> qara<\/p>","protected":false},"excerpt":{"rendered":"<p>Ekran n\u00f6v\u00fc: IPS<\/p>\n<p>Ekran \u00f6rt\u00fcy\u00fc: Anti-Glare<\/p>\n<p>Ekran diaqonal\u0131: 34<\/p>\n<p>Ekran imkanlar\u0131: UWQHD (3440 x 1440)<\/p>\n<p>Ekran tezliyi, Hz: 75<\/p>\n<p>\u0413\u0430\u0440\u0430\u043d\u0442\u0438\u0439\u043d\u044b\u0439 \u0441\u0440\u043e\u043a: 12 \u043c\u0435\u0441\u044f\u0446\u0435\u0432.<\/p>","protected":false},"featured_media":15367,"comment_status":"closed","ping_status":"closed","template":"","meta":[],"product_brand":[],"product_cat":[138],"product_tag":[],"class_list":{"0":"post-15364","1":"product","2":"type-product","3":"status-publish","4":"has-post-thumbnail","6":"product_cat-monitorlar-az","7":"pa_ekran-imkanlari-3440x1440","8":"pa_istehsalci-viewsonic","9":"pa_reng-qara","11":"first","12":"instock","13":"shipping-taxable","14":"purchasable","15":"product-type-simple"},"_links":{"self":[{"href":"https:\/\/technoworld.az\/ru\/wp-json\/wp\/v2\/product\/15364","targetHints":{"allow":["GET"]}}],"collection":[{"href":"https:\/\/technoworld.az\/ru\/wp-json\/wp\/v2\/product"}],"about":[{"href":"https:\/\/technoworld.az\/ru\/wp-json\/wp\/v2\/types\/product"}],"replies":[{"embeddable":true,"href":"https:\/\/technoworld.az\/ru\/wp-json\/wp\/v2\/comments?post=15364"}],"wp:featuredmedia":[{"embeddable":true,"href":"https:\/\/technoworld.az\/ru\/wp-json\/wp\/v2\/media\/15367"}],"wp:attachment":[{"href":"https:\/\/technoworld.az\/ru\/wp-json\/wp\/v2\/media?parent=15364"}],"wp:term":[{"taxonomy":"product_brand","embeddable":true,"href":"https:\/\/technoworld.az\/ru\/wp-json\/wp\/v2\/product_brand?post=15364"},{"taxonomy":"product_cat","embeddable":true,"href":"https:\/\/technoworld.az\/ru\/wp-json\/wp\/v2\/product_cat?post=15364"},{"taxonomy":"product_tag","embeddable":true,"href":"https:\/\/technoworld.az\/ru\/wp-json\/wp\/v2\/product_tag?post=15364"}],"curies":[{"name":"wp","href":"https:\/\/api.w.org\/{rel}","templated":true}]}}