{"id":16924,"date":"2024-11-04T19:57:30","date_gmt":"2024-11-04T16:57:30","guid":{"rendered":"https:\/\/technoworld.az\/?post_type=product&#038;p=16924"},"modified":"2024-11-04T19:57:31","modified_gmt":"2024-11-04T16:57:31","slug":"mur%c9%99kk%c9%99b-epson-ecotank-ma-ink-bottle-c13t03v34a","status":"publish","type":"product","link":"https:\/\/technoworld.az\/ru\/product\/mur%c9%99kk%c9%99b-epson-ecotank-ma-ink-bottle-c13t03v34a\/","title":{"rendered":"M\u00fcr\u0259kk\u0259b Epson EcoTank MA Ink Bottle (C13T03V34A)"},"content":{"rendered":"<p><strong>\u0411\u0440\u0435\u043d\u0434:<\/strong> Epson<\/p>\n<p><strong>Kartric n\u00f6v\u00fc:<\/strong> s\u00fcr\u0259kli<\/p>\n<p><strong>Uy\u011funluq:<\/strong> Epson L4150\/ L4160\/ L6160\/ L6170\/ L6190<\/p>\n<p><strong>Resurs, s\u0259h:<\/strong> 6000<\/p>\n<p><strong>H\u0259cm, ml:<\/strong> 70<\/p>\n<p><strong>\u0426\u0432\u0435\u0442:<\/strong> \u00e7\u0259hray\u0131<\/p>","protected":false},"excerpt":{"rendered":"<p>Kartric n\u00f6v\u00fc: s\u00fcr\u0259kli<\/p>\n<p>\u0413\u0430\u0440\u0430\u043d\u0442\u0438\u0439\u043d\u044b\u0439 \u0441\u0440\u043e\u043a: 12 \u043c\u0435\u0441\u044f\u0446\u0435\u0432.<\/p>","protected":false},"featured_media":16926,"comment_status":"closed","ping_status":"closed","template":"","meta":[],"product_brand":[],"product_cat":[134],"product_tag":[],"class_list":{"0":"post-16924","1":"product","2":"type-product","3":"status-publish","4":"has-post-thumbnail","6":"product_cat-kartriclar-az","7":"pa_istehsalci-epson","8":"pa_reng-chrayi","10":"first","11":"instock","12":"shipping-taxable","13":"purchasable","14":"product-type-simple"},"_links":{"self":[{"href":"https:\/\/technoworld.az\/ru\/wp-json\/wp\/v2\/product\/16924","targetHints":{"allow":["GET"]}}],"collection":[{"href":"https:\/\/technoworld.az\/ru\/wp-json\/wp\/v2\/product"}],"about":[{"href":"https:\/\/technoworld.az\/ru\/wp-json\/wp\/v2\/types\/product"}],"replies":[{"embeddable":true,"href":"https:\/\/technoworld.az\/ru\/wp-json\/wp\/v2\/comments?post=16924"}],"wp:featuredmedia":[{"embeddable":true,"href":"https:\/\/technoworld.az\/ru\/wp-json\/wp\/v2\/media\/16926"}],"wp:attachment":[{"href":"https:\/\/technoworld.az\/ru\/wp-json\/wp\/v2\/media?parent=16924"}],"wp:term":[{"taxonomy":"product_brand","embeddable":true,"href":"https:\/\/technoworld.az\/ru\/wp-json\/wp\/v2\/product_brand?post=16924"},{"taxonomy":"product_cat","embeddable":true,"href":"https:\/\/technoworld.az\/ru\/wp-json\/wp\/v2\/product_cat?post=16924"},{"taxonomy":"product_tag","embeddable":true,"href":"https:\/\/technoworld.az\/ru\/wp-json\/wp\/v2\/product_tag?post=16924"}],"curies":[{"name":"wp","href":"https:\/\/api.w.org\/{rel}","templated":true}]}}