{"id":16927,"date":"2024-11-04T20:04:36","date_gmt":"2024-11-04T17:04:36","guid":{"rendered":"https:\/\/technoworld.az\/?post_type=product&#038;p=16927"},"modified":"2024-11-04T20:04:37","modified_gmt":"2024-11-04T17:04:37","slug":"mur%c9%99kk%c9%99b-epson-ecotank-ye-ink-bottle-c13t03v44a","status":"publish","type":"product","link":"https:\/\/technoworld.az\/ru\/product\/mur%c9%99kk%c9%99b-epson-ecotank-ye-ink-bottle-c13t03v44a\/","title":{"rendered":"M\u00fcr\u0259kk\u0259b Epson EcoTank YE Ink Bottle (C13T03V44A)"},"content":{"rendered":"<p><strong>\u0411\u0440\u0435\u043d\u0434:<\/strong> Epson<\/p>\n<p><strong>Kartric n\u00f6v\u00fc:<\/strong> s\u00fcr\u0259kli<\/p>\n<p><strong>Uy\u011funluq:<\/strong> Epson L4150\/ L4160\/ L6160\/ L6170\/ L6190<\/p>\n<p><strong>Resurs, s\u0259h:<\/strong> 6000<\/p>\n<p><strong>H\u0259cm, ml:<\/strong> 70<\/p>\n<p><strong>\u0426\u0432\u0435\u0442:<\/strong> sar\u0131<\/p>","protected":false},"excerpt":{"rendered":"<p>Kartric n\u00f6v\u00fc: s\u00fcr\u0259kli<\/p>\n<p>\u0413\u0430\u0440\u0430\u043d\u0442\u0438\u0439\u043d\u044b\u0439 \u0441\u0440\u043e\u043a: 12 \u043c\u0435\u0441\u044f\u0446\u0435\u0432.<\/p>","protected":false},"featured_media":16928,"comment_status":"closed","ping_status":"closed","template":"","meta":[],"product_brand":[],"product_cat":[134],"product_tag":[],"class_list":{"0":"post-16927","1":"product","2":"type-product","3":"status-publish","4":"has-post-thumbnail","6":"product_cat-kartriclar-az","7":"pa_istehsalci-epson","8":"pa_reng-sari","10":"first","11":"instock","12":"shipping-taxable","13":"purchasable","14":"product-type-simple"},"_links":{"self":[{"href":"https:\/\/technoworld.az\/ru\/wp-json\/wp\/v2\/product\/16927","targetHints":{"allow":["GET"]}}],"collection":[{"href":"https:\/\/technoworld.az\/ru\/wp-json\/wp\/v2\/product"}],"about":[{"href":"https:\/\/technoworld.az\/ru\/wp-json\/wp\/v2\/types\/product"}],"replies":[{"embeddable":true,"href":"https:\/\/technoworld.az\/ru\/wp-json\/wp\/v2\/comments?post=16927"}],"wp:featuredmedia":[{"embeddable":true,"href":"https:\/\/technoworld.az\/ru\/wp-json\/wp\/v2\/media\/16928"}],"wp:attachment":[{"href":"https:\/\/technoworld.az\/ru\/wp-json\/wp\/v2\/media?parent=16927"}],"wp:term":[{"taxonomy":"product_brand","embeddable":true,"href":"https:\/\/technoworld.az\/ru\/wp-json\/wp\/v2\/product_brand?post=16927"},{"taxonomy":"product_cat","embeddable":true,"href":"https:\/\/technoworld.az\/ru\/wp-json\/wp\/v2\/product_cat?post=16927"},{"taxonomy":"product_tag","embeddable":true,"href":"https:\/\/technoworld.az\/ru\/wp-json\/wp\/v2\/product_tag?post=16927"}],"curies":[{"name":"wp","href":"https:\/\/api.w.org\/{rel}","templated":true}]}}