{"id":16938,"date":"2024-11-04T20:27:16","date_gmt":"2024-11-04T17:27:16","guid":{"rendered":"https:\/\/technoworld.az\/?post_type=product&#038;p=16938"},"modified":"2024-11-04T20:27:17","modified_gmt":"2024-11-04T17:27:17","slug":"mur%c9%99kk%c9%99b-epson-l100-cyan-ink-bottle-c13t66424a","status":"publish","type":"product","link":"https:\/\/technoworld.az\/ru\/product\/mur%c9%99kk%c9%99b-epson-l100-cyan-ink-bottle-c13t66424a\/","title":{"rendered":"M\u00fcr\u0259kk\u0259b Epson L100 Cyan ink bottle (C13T66424A)"},"content":{"rendered":"<p><strong>\u0411\u0440\u0435\u043d\u0434:<\/strong> Epson<\/p>\n<p><strong>Kartric n\u00f6v\u00fc:<\/strong> s\u00fcr\u0259kli<\/p>\n<p><strong>Uy\u011funluq:<\/strong> Epson L100 \/ L110 \/ L200 \/ L300 \/ L550<\/p>\n<p><strong>Resurs, s\u0259h:<\/strong> 7500<\/p>\n<p><strong>H\u0259cm, ml:<\/strong> 70<\/p>\n<p><strong>\u0426\u0432\u0435\u0442:<\/strong> mavi<\/p>","protected":false},"excerpt":{"rendered":"<p>Kartric n\u00f6v\u00fc: s\u00fcr\u0259kli<\/p>\n<p>\u0413\u0430\u0440\u0430\u043d\u0442\u0438\u0439\u043d\u044b\u0439 \u0441\u0440\u043e\u043a: 12 \u043c\u0435\u0441\u044f\u0446\u0435\u0432.<\/p>","protected":false},"featured_media":16939,"comment_status":"closed","ping_status":"closed","template":"","meta":[],"product_brand":[],"product_cat":[134],"product_tag":[],"class_list":{"0":"post-16938","1":"product","2":"type-product","3":"status-publish","4":"has-post-thumbnail","6":"product_cat-kartriclar-az","7":"pa_istehsalci-epson","8":"pa_reng-mavi","10":"first","11":"instock","12":"shipping-taxable","13":"purchasable","14":"product-type-simple"},"_links":{"self":[{"href":"https:\/\/technoworld.az\/ru\/wp-json\/wp\/v2\/product\/16938","targetHints":{"allow":["GET"]}}],"collection":[{"href":"https:\/\/technoworld.az\/ru\/wp-json\/wp\/v2\/product"}],"about":[{"href":"https:\/\/technoworld.az\/ru\/wp-json\/wp\/v2\/types\/product"}],"replies":[{"embeddable":true,"href":"https:\/\/technoworld.az\/ru\/wp-json\/wp\/v2\/comments?post=16938"}],"wp:featuredmedia":[{"embeddable":true,"href":"https:\/\/technoworld.az\/ru\/wp-json\/wp\/v2\/media\/16939"}],"wp:attachment":[{"href":"https:\/\/technoworld.az\/ru\/wp-json\/wp\/v2\/media?parent=16938"}],"wp:term":[{"taxonomy":"product_brand","embeddable":true,"href":"https:\/\/technoworld.az\/ru\/wp-json\/wp\/v2\/product_brand?post=16938"},{"taxonomy":"product_cat","embeddable":true,"href":"https:\/\/technoworld.az\/ru\/wp-json\/wp\/v2\/product_cat?post=16938"},{"taxonomy":"product_tag","embeddable":true,"href":"https:\/\/technoworld.az\/ru\/wp-json\/wp\/v2\/product_tag?post=16938"}],"curies":[{"name":"wp","href":"https:\/\/api.w.org\/{rel}","templated":true}]}}