{"id":17688,"date":"2024-11-28T12:21:57","date_gmt":"2024-11-28T09:21:57","guid":{"rendered":"https:\/\/technoworld.az\/?post_type=product&#038;p=17688"},"modified":"2025-03-24T16:47:17","modified_gmt":"2025-03-24T13:47:17","slug":"oyun-konsolu-sony-playstation-5-slim-1tb-1000040591","status":"publish","type":"product","link":"https:\/\/technoworld.az\/ru\/product\/oyun-konsolu-sony-playstation-5-slim-1tb-1000040591\/","title":{"rendered":"Oyun konsolu Sony Playstation 5 Slim 1TB 1000040591"},"content":{"rendered":"<p><strong>\u0411\u0440\u0435\u043d\u0434:<\/strong> Sony<\/p>\n<p><strong>\u041c\u043e\u0434\u0435\u043b\u044c<\/strong> slim<\/p>\n<p><strong>N\u00f6v:<\/strong> \u0421\u0442\u0430\u0446\u0438\u043e\u043d\u0430\u0440\u043d\u044b\u0435<\/p>\n<p><strong>Daxili yadda\u015f:<\/strong> 1 TB<\/p>\n<p><strong>\u041e\u043f\u0435\u0440\u0430\u0442\u0438\u0432\u043d\u0430\u044f \u043f\u0430\u043c\u044f\u0442\u044c:<\/strong> 16 GB<\/p>\n<p><strong>Optik diskin n\u00f6v\u00fc:<\/strong> 4K UHD Blu-Ray<\/p>\n<p><strong>Qeympad\u0131n n\u00f6v\u00fc:<\/strong> simsiz<\/p>\n<p><strong>Qeympad\u0131n akkumulyatorla i\u015fl\u0259m\u0259 m\u00fcdd\u0259ti:<\/strong> 8 saatad\u0259k<\/p>\n<p><strong>\u0418\u043d\u0442\u0435\u0440\u0444\u0435\u0439\u0441\u044b: <\/strong>HDMI, USB, Ethernet<\/p>\n<p><strong>Simsiz interfeysl\u0259r:<\/strong> Bluetooth, Wi-Fi<\/p>\n<p><strong>D\u0259st\u0259 daxildir:<\/strong> 1 coystik, konsol<\/p>\n<p><strong>\u0420\u0430\u0437\u043c\u0435\u0440\u044b, \u043c\u043c:<\/strong> 390 x 104 x 260<\/p>\n<p><strong>\u0412\u0435\u0441 (\u043a\u0433:<\/strong> 3.2<\/p>\n<p><strong>\u0426\u0432\u0435\u0442:<\/strong> a\u011f<\/p>","protected":false},"excerpt":{"rendered":"<p>Seriya: slim<\/p>\n<p>Daxili yadda\u015f: 1 TB<\/p>\n<p>\u041e\u043f\u0435\u0440\u0430\u0442\u0438\u0432\u043d\u0430\u044f \u043f\u0430\u043c\u044f\u0442\u044c: 16 \u0413\u0411<\/p>\n<p>Optik diskin n\u00f6v\u00fc:\u00a04K UHD Blu-Ray<\/p>\n<p>\u0413\u0430\u0440\u0430\u043d\u0442\u0438\u0439\u043d\u044b\u0439 \u0441\u0440\u043e\u043a: 12 \u043c\u0435\u0441\u044f\u0446\u0435\u0432.<\/p>","protected":false},"featured_media":17692,"comment_status":"closed","ping_status":"closed","template":"","meta":[],"product_brand":[],"product_cat":[3316],"product_tag":[],"class_list":{"0":"post-17688","1":"product","2":"type-product","3":"status-publish","4":"has-post-thumbnail","6":"product_cat-oyun-konsolu","7":"pa_daxili-yaddas-1-tb","8":"pa_istehsalci-sony","9":"pa_nov-stasionar","10":"pa_reng-ag","11":"pa_seriya-slim","13":"first","14":"instock","15":"shipping-taxable","16":"purchasable","17":"product-type-simple"},"_links":{"self":[{"href":"https:\/\/technoworld.az\/ru\/wp-json\/wp\/v2\/product\/17688","targetHints":{"allow":["GET"]}}],"collection":[{"href":"https:\/\/technoworld.az\/ru\/wp-json\/wp\/v2\/product"}],"about":[{"href":"https:\/\/technoworld.az\/ru\/wp-json\/wp\/v2\/types\/product"}],"replies":[{"embeddable":true,"href":"https:\/\/technoworld.az\/ru\/wp-json\/wp\/v2\/comments?post=17688"}],"wp:featuredmedia":[{"embeddable":true,"href":"https:\/\/technoworld.az\/ru\/wp-json\/wp\/v2\/media\/17692"}],"wp:attachment":[{"href":"https:\/\/technoworld.az\/ru\/wp-json\/wp\/v2\/media?parent=17688"}],"wp:term":[{"taxonomy":"product_brand","embeddable":true,"href":"https:\/\/technoworld.az\/ru\/wp-json\/wp\/v2\/product_brand?post=17688"},{"taxonomy":"product_cat","embeddable":true,"href":"https:\/\/technoworld.az\/ru\/wp-json\/wp\/v2\/product_cat?post=17688"},{"taxonomy":"product_tag","embeddable":true,"href":"https:\/\/technoworld.az\/ru\/wp-json\/wp\/v2\/product_tag?post=17688"}],"curies":[{"name":"wp","href":"https:\/\/api.w.org\/{rel}","templated":true}]}}