{"id":17702,"date":"2024-11-28T15:55:10","date_gmt":"2024-11-28T12:55:10","guid":{"rendered":"https:\/\/technoworld.az\/?post_type=product&#038;p=17702"},"modified":"2024-11-28T16:24:19","modified_gmt":"2024-11-28T13:24:19","slug":"virtual-realliq-eyn%c9%99yi-sony-playstation-vr2","status":"publish","type":"product","link":"https:\/\/technoworld.az\/ru\/product\/virtual-realliq-eyn%c9%99yi-sony-playstation-vr2\/","title":{"rendered":"Virtual reall\u0131q eyn\u0259yi Sony PlayStation VR2"},"content":{"rendered":"<p><strong>\u0411\u0440\u0435\u043d\u0434:<\/strong> Sony<\/p>\n<p><strong>Q\u0259tnam\u0259:<\/strong> 2000 x 2040<\/p>\n<div><strong>Bax\u0131\u015f buca\u011f\u0131:<\/strong> 110\u00b0<\/div>\n<p><strong>\u0418\u043d\u0442\u0435\u0440\u0444\u0435\u0439\u0441\u044b: <\/strong>HDMI, USB, AUX<\/p>\n<p><strong>\u0420\u0430\u0437\u043c\u0435\u0440\u044b, \u043c\u043c:<\/strong> 187 x 185 x 277<\/p>\n<p><strong>\u0412\u0435\u0441 (\u043a\u0433:<\/strong> 0.6<\/p>\n<p><strong>\u0426\u0432\u0435\u0442:<\/strong> a\u011f<\/p>","protected":false},"excerpt":{"rendered":"<p>Q\u0259tnam\u0259: 2000 x 2040<\/p>\n<div>Bax\u0131\u015f buca\u011f\u0131: 110\u00b0<\/div>\n<p>\u0413\u0430\u0440\u0430\u043d\u0442\u0438\u0439\u043d\u044b\u0439 \u0441\u0440\u043e\u043a: 12 \u043c\u0435\u0441\u044f\u0446\u0435\u0432.<\/p>","protected":false},"featured_media":17703,"comment_status":"closed","ping_status":"closed","template":"","meta":[],"product_brand":[],"product_cat":[3316],"product_tag":[],"class_list":{"0":"post-17702","1":"product","2":"type-product","3":"status-publish","4":"has-post-thumbnail","6":"product_cat-oyun-konsolu","7":"pa_istehsalci-sony","8":"pa_reng-ag","10":"first","11":"instock","12":"shipping-taxable","13":"purchasable","14":"product-type-simple"},"_links":{"self":[{"href":"https:\/\/technoworld.az\/ru\/wp-json\/wp\/v2\/product\/17702","targetHints":{"allow":["GET"]}}],"collection":[{"href":"https:\/\/technoworld.az\/ru\/wp-json\/wp\/v2\/product"}],"about":[{"href":"https:\/\/technoworld.az\/ru\/wp-json\/wp\/v2\/types\/product"}],"replies":[{"embeddable":true,"href":"https:\/\/technoworld.az\/ru\/wp-json\/wp\/v2\/comments?post=17702"}],"wp:featuredmedia":[{"embeddable":true,"href":"https:\/\/technoworld.az\/ru\/wp-json\/wp\/v2\/media\/17703"}],"wp:attachment":[{"href":"https:\/\/technoworld.az\/ru\/wp-json\/wp\/v2\/media?parent=17702"}],"wp:term":[{"taxonomy":"product_brand","embeddable":true,"href":"https:\/\/technoworld.az\/ru\/wp-json\/wp\/v2\/product_brand?post=17702"},{"taxonomy":"product_cat","embeddable":true,"href":"https:\/\/technoworld.az\/ru\/wp-json\/wp\/v2\/product_cat?post=17702"},{"taxonomy":"product_tag","embeddable":true,"href":"https:\/\/technoworld.az\/ru\/wp-json\/wp\/v2\/product_tag?post=17702"}],"curies":[{"name":"wp","href":"https:\/\/api.w.org\/{rel}","templated":true}]}}