{"id":17727,"date":"2024-11-28T20:20:03","date_gmt":"2024-11-28T17:20:03","guid":{"rendered":"https:\/\/technoworld.az\/?post_type=product&#038;p=17727"},"modified":"2024-11-28T22:15:25","modified_gmt":"2024-11-28T19:15:25","slug":"qeympad-ps5-dualsense-cobalt-blue","status":"publish","type":"product","link":"https:\/\/technoworld.az\/ru\/product\/qeympad-ps5-dualsense-cobalt-blue\/","title":{"rendered":"Qeympad Sony PS5 DualSense Cobalt Blue"},"content":{"rendered":"<p><strong>\u0411\u0440\u0435\u043d\u0434:<\/strong> Sony<\/p>\n<p><strong>Qo\u015fulma n\u00f6v\u00fc:<\/strong> simli\/simsiz<\/p>\n<p><strong>Uy\u011funluq:<\/strong> PS5, Android, iOS, PC, Mac<\/p>\n<p><strong>\u0418\u043d\u0442\u0435\u0440\u0444\u0435\u0439\u0441\u044b:<\/strong> Bluetooth, USB Type-C, 3.5 mm mini-jack<\/p>\n<p><strong>Akkumulyatorla i\u015fl\u0259m\u0259 m\u00fcdd\u0259ti:<\/strong> 12 saatad\u0259k<\/p>\n<p><strong>\u0130\u015fl\u0259m\u0259 m\u0259saf\u0259si, m:<\/strong> 10<\/p>\n<p><strong>D\u00fcym\u0259l\u0259rin say\u0131:<\/strong> 14<\/p>\n<p><strong>\u0420\u0430\u0437\u043c\u0435\u0440\u044b, \u043c\u043c:<\/strong> 160 x 66 x 106<\/p>\n<p><strong>\u0412\u0435\u0441 (\u043a\u0433:<\/strong> 0.28<\/p>\n<p><strong>\u0426\u0432\u0435\u0442:<\/strong> Cobalt Blue<\/p>","protected":false},"excerpt":{"rendered":"<p>Qo\u015fulma n\u00f6v\u00fc: simli\/simsiz<\/p>\n<p>Uy\u011funluq: PS5, Android, iOS, PC, Mac<\/p>\n<p>\u0130\u015fl\u0259m\u0259 m\u0259saf\u0259si, m: 10<\/p>\n<p>\u0413\u0430\u0440\u0430\u043d\u0442\u0438\u0439\u043d\u044b\u0439 \u0441\u0440\u043e\u043a: 12 \u043c\u0435\u0441\u044f\u0446\u0435\u0432.<\/p>","protected":false},"featured_media":17728,"comment_status":"closed","ping_status":"closed","template":"","meta":[],"product_brand":[],"product_cat":[3316],"product_tag":[],"class_list":{"0":"post-17727","1":"product","2":"type-product","3":"status-publish","4":"has-post-thumbnail","6":"product_cat-oyun-konsolu","7":"pa_islm-muddti-12-saat","8":"pa_istehsalci-sony","9":"pa_qosulma-novu-simli-simsiz","10":"pa_reng-goy","12":"first","13":"instock","14":"shipping-taxable","15":"purchasable","16":"product-type-simple"},"_links":{"self":[{"href":"https:\/\/technoworld.az\/ru\/wp-json\/wp\/v2\/product\/17727","targetHints":{"allow":["GET"]}}],"collection":[{"href":"https:\/\/technoworld.az\/ru\/wp-json\/wp\/v2\/product"}],"about":[{"href":"https:\/\/technoworld.az\/ru\/wp-json\/wp\/v2\/types\/product"}],"replies":[{"embeddable":true,"href":"https:\/\/technoworld.az\/ru\/wp-json\/wp\/v2\/comments?post=17727"}],"wp:featuredmedia":[{"embeddable":true,"href":"https:\/\/technoworld.az\/ru\/wp-json\/wp\/v2\/media\/17728"}],"wp:attachment":[{"href":"https:\/\/technoworld.az\/ru\/wp-json\/wp\/v2\/media?parent=17727"}],"wp:term":[{"taxonomy":"product_brand","embeddable":true,"href":"https:\/\/technoworld.az\/ru\/wp-json\/wp\/v2\/product_brand?post=17727"},{"taxonomy":"product_cat","embeddable":true,"href":"https:\/\/technoworld.az\/ru\/wp-json\/wp\/v2\/product_cat?post=17727"},{"taxonomy":"product_tag","embeddable":true,"href":"https:\/\/technoworld.az\/ru\/wp-json\/wp\/v2\/product_tag?post=17727"}],"curies":[{"name":"wp","href":"https:\/\/api.w.org\/{rel}","templated":true}]}}