{"id":17782,"date":"2024-11-28T22:10:59","date_gmt":"2024-11-28T19:10:59","guid":{"rendered":"https:\/\/technoworld.az\/?post_type=product&#038;p=17782"},"modified":"2024-11-28T22:11:00","modified_gmt":"2024-11-28T19:11:00","slug":"qeympad-ucun-stik-sony-ps5-stick-module-9444695","status":"publish","type":"product","link":"https:\/\/technoworld.az\/ru\/product\/qeympad-ucun-stik-sony-ps5-stick-module-9444695\/","title":{"rendered":"Qeympad \u00fc\u00e7\u00fcn stik Sony PS5 Stick Module 9444695"},"content":{"rendered":"<p><strong>\u0411\u0440\u0435\u043d\u0434:<\/strong> Sony<\/p>\n<p><strong>Uy\u011funluq:<\/strong> PS5 DualSense Edge Controller<\/p>\n<p><strong>\u0426\u0432\u0435\u0442:<\/strong> qara<\/p>","protected":false},"excerpt":{"rendered":"<p>\u0413\u0430\u0440\u0430\u043d\u0442\u0438\u0439\u043d\u044b\u0439 \u0441\u0440\u043e\u043a: 12 \u043c\u0435\u0441\u044f\u0446\u0435\u0432.<\/p>","protected":false},"featured_media":17783,"comment_status":"closed","ping_status":"closed","template":"","meta":[],"product_brand":[],"product_cat":[3316],"product_tag":[],"class_list":{"0":"post-17782","1":"product","2":"type-product","3":"status-publish","4":"has-post-thumbnail","6":"product_cat-oyun-konsolu","7":"pa_istehsalci-sony","8":"pa_reng-qara","10":"first","11":"instock","12":"shipping-taxable","13":"purchasable","14":"product-type-simple"},"_links":{"self":[{"href":"https:\/\/technoworld.az\/ru\/wp-json\/wp\/v2\/product\/17782","targetHints":{"allow":["GET"]}}],"collection":[{"href":"https:\/\/technoworld.az\/ru\/wp-json\/wp\/v2\/product"}],"about":[{"href":"https:\/\/technoworld.az\/ru\/wp-json\/wp\/v2\/types\/product"}],"replies":[{"embeddable":true,"href":"https:\/\/technoworld.az\/ru\/wp-json\/wp\/v2\/comments?post=17782"}],"wp:featuredmedia":[{"embeddable":true,"href":"https:\/\/technoworld.az\/ru\/wp-json\/wp\/v2\/media\/17783"}],"wp:attachment":[{"href":"https:\/\/technoworld.az\/ru\/wp-json\/wp\/v2\/media?parent=17782"}],"wp:term":[{"taxonomy":"product_brand","embeddable":true,"href":"https:\/\/technoworld.az\/ru\/wp-json\/wp\/v2\/product_brand?post=17782"},{"taxonomy":"product_cat","embeddable":true,"href":"https:\/\/technoworld.az\/ru\/wp-json\/wp\/v2\/product_cat?post=17782"},{"taxonomy":"product_tag","embeddable":true,"href":"https:\/\/technoworld.az\/ru\/wp-json\/wp\/v2\/product_tag?post=17782"}],"curies":[{"name":"wp","href":"https:\/\/api.w.org\/{rel}","templated":true}]}}