{"id":18819,"date":"2024-12-21T15:45:42","date_gmt":"2024-12-21T12:45:42","guid":{"rendered":"https:\/\/technoworld.az\/?post_type=product&#038;p=18819"},"modified":"2024-12-21T15:45:43","modified_gmt":"2024-12-21T12:45:43","slug":"oyun-kreslosu-trust-gxt-703b-riye-blue-25129","status":"publish","type":"product","link":"https:\/\/technoworld.az\/ru\/product\/oyun-kreslosu-trust-gxt-703b-riye-blue-25129\/","title":{"rendered":"Oyun kreslosu Trust GXT 703B Riye Blue (25129)"},"content":{"rendered":"<p><strong>\u0411\u0440\u0435\u043d\u0434:<\/strong> Trust<\/p>\n<p><strong>Maksimal y\u00fckl\u0259nm\u0259, kq:<\/strong> 140<\/p>\n<p><strong>T\u0259nziml\u0259m\u0259:<\/strong> oturaca\u011f\u0131n h\u00fcnd\u00fcrl\u00fcy\u00fc, qol dayaqlar\u0131n\u0131n t\u0259nziml\u0259nm\u0259si<\/p>\n<p><strong>Material:<\/strong> s\u00fcni d\u0259ri, plastik<\/p>\n<p><strong>Bel hiss\u0259nin h\u00fcnd\u00fcrl\u00fcy\u00fc, sm:<\/strong> 78<\/p>\n<p><strong>Oturaca\u011f\u0131n \u00f6l\u00e7\u00fcl\u0259ri, sm:<\/strong> 52 x 54<\/p>\n<p><strong>\u00d6l\u00e7\u00fcl\u0259r, sm:<\/strong> 128 x 69 x 68<\/p>\n<p><strong>\u0412\u0435\u0441 (\u043a\u0433:<\/strong> 15.5<\/p>\n<p><strong>\u0426\u0432\u0435\u0442:<\/strong> qara\/g\u00f6y<\/p>\n<p><strong>Z\u0259man\u0259t m\u00fcdd\u0259ti:<\/strong> 12 ay<\/p>","protected":false},"excerpt":{"rendered":"<p>Brend: Trust Maksimal y\u00fckl\u0259nm\u0259, kq: 140 T\u0259nziml\u0259m\u0259: oturaca\u011f\u0131n h\u00fcnd\u00fcrl\u00fcy\u00fc, qol dayaqlar\u0131n\u0131n t\u0259nziml\u0259nm\u0259si Material: s\u00fcni d\u0259ri, plastik Bel hiss\u0259nin h\u00fcnd\u00fcrl\u00fcy\u00fc, sm: 78 Oturaca\u011f\u0131n \u00f6l\u00e7\u00fcl\u0259ri, sm: 52 x 54 \u00d6l\u00e7\u00fcl\u0259r, sm: 128 x 69 x 68 \u00c7\u0259ki, kq: 15.5 R\u0259ng: qara\/g\u00f6y Z\u0259man\u0259t m\u00fcdd\u0259ti: 12 ay<\/p>","protected":false},"featured_media":18823,"comment_status":"closed","ping_status":"closed","template":"","meta":[],"product_brand":[],"product_cat":[15],"product_tag":[],"class_list":{"0":"post-18819","1":"product","2":"type-product","3":"status-publish","4":"has-post-thumbnail","6":"product_cat-uncategorized","7":"pa_istehsalci-trust","8":"pa_material-suni-dri-plastik","9":"pa_reng-goy","11":"first","12":"instock","13":"shipping-taxable","14":"purchasable","15":"product-type-simple"},"_links":{"self":[{"href":"https:\/\/technoworld.az\/ru\/wp-json\/wp\/v2\/product\/18819","targetHints":{"allow":["GET"]}}],"collection":[{"href":"https:\/\/technoworld.az\/ru\/wp-json\/wp\/v2\/product"}],"about":[{"href":"https:\/\/technoworld.az\/ru\/wp-json\/wp\/v2\/types\/product"}],"replies":[{"embeddable":true,"href":"https:\/\/technoworld.az\/ru\/wp-json\/wp\/v2\/comments?post=18819"}],"wp:featuredmedia":[{"embeddable":true,"href":"https:\/\/technoworld.az\/ru\/wp-json\/wp\/v2\/media\/18823"}],"wp:attachment":[{"href":"https:\/\/technoworld.az\/ru\/wp-json\/wp\/v2\/media?parent=18819"}],"wp:term":[{"taxonomy":"product_brand","embeddable":true,"href":"https:\/\/technoworld.az\/ru\/wp-json\/wp\/v2\/product_brand?post=18819"},{"taxonomy":"product_cat","embeddable":true,"href":"https:\/\/technoworld.az\/ru\/wp-json\/wp\/v2\/product_cat?post=18819"},{"taxonomy":"product_tag","embeddable":true,"href":"https:\/\/technoworld.az\/ru\/wp-json\/wp\/v2\/product_tag?post=18819"}],"curies":[{"name":"wp","href":"https:\/\/api.w.org\/{rel}","templated":true}]}}