{"id":20890,"date":"2025-02-11T22:03:04","date_gmt":"2025-02-11T19:03:04","guid":{"rendered":"https:\/\/technoworld.az\/?post_type=product&#038;p=20890"},"modified":"2025-02-11T22:03:05","modified_gmt":"2025-02-11T19:03:05","slug":"utu-tefal-easygliss-plus-fv5770-1830008461","status":"publish","type":"product","link":"https:\/\/technoworld.az\/ru\/product\/utu-tefal-easygliss-plus-fv5770-1830008461\/","title":{"rendered":"\u00dct\u00fc Tefal Easygliss Plus FV5770 (1830008461)"},"content":{"rendered":"<p><strong>\u0411\u0440\u0435\u043d\u0434:<\/strong> Tefal<\/p>\n<p><strong>N\u00f6v:<\/strong> \u00fct\u00fc<\/p>\n<p><strong>G\u00fcc, Vt:<\/strong> 2700<\/p>\n<p><strong>Altl\u0131\u011f\u0131n material\u0131:<\/strong> keramika<\/p>\n<p><strong>Altl\u0131\u011f\u0131n texnologiyas\u0131:<\/strong> Durilium Airglide<\/p>\n<p><strong>Daimi buxar g\u00fcc\u00fc, q\/d\u0259q:<\/strong> 240<\/p>\n<p><strong>T\u0259nziml\u0259n\u0259n buxar g\u00fcc\u00fc q\/d\u0259q:<\/strong> 50<\/p>\n<p><strong>Su rezervuar\u0131n h\u0259cmi, ml:<\/strong> 270<\/p>\n<p><strong>Vertikal buxarlanma:<\/strong> var<\/p>\n<p><strong>X\u00fcsusiyy\u0259tl\u0259r:<\/strong> suyun s\u0259pilm\u0259si, anti-damc\u0131 sistemi, avtomatik s\u00f6nm\u0259, \u00f6z\u00fcn\u00fc t\u0259mizl\u0259m\u0259 sistemi, quru \u00fct\u00fcl\u0259m\u0259, indikator<\/p>\n<p><strong>Kabelin uzunlu\u011fu, m:<\/strong> 2<\/p>\n<p><strong>\u00d6l\u00e7\u00fcl\u0259r, sm:<\/strong> 30 x 13.5 x 15<\/p>\n<p><strong>\u0412\u0435\u0441 (\u043a\u0433:<\/strong> 1.3<\/p>\n<p><strong>\u0426\u0432\u0435\u0442:<\/strong> a\u011f \/ g\u00f6y<\/p>\n<p><strong>Z\u0259man\u0259t m\u00fcdd\u0259ti:<\/strong> 12 ay<\/p>","protected":false},"excerpt":{"rendered":"<p>Brend: Tefal N\u00f6v: \u00fct\u00fc G\u00fcc, Vt: 2700 Altl\u0131\u011f\u0131n material\u0131: keramika Altl\u0131\u011f\u0131n texnologiyas\u0131: Durilium Airglide Daimi buxar g\u00fcc\u00fc, q\/d\u0259q: 240 T\u0259nziml\u0259n\u0259n buxar g\u00fcc\u00fc q\/d\u0259q: 50 Su rezervuar\u0131n h\u0259cmi, ml: 270 Vertikal buxarlanma: var X\u00fcsusiyy\u0259tl\u0259r: suyun s\u0259pilm\u0259si, anti-damc\u0131 sistemi, avtomatik s\u00f6nm\u0259, \u00f6z\u00fcn\u00fc t\u0259mizl\u0259m\u0259 sistemi, quru \u00fct\u00fcl\u0259m\u0259, indikator Kabelin uzunlu\u011fu, m: 2 \u00d6l\u00e7\u00fcl\u0259r, sm: 30 x 13.5 x<\/p>\n<div class=\"klb-readmore entry-button\"><a class=\"btn read-more\" href=\"https:\/\/technoworld.az\/ru\/product\/utu-tefal-easygliss-plus-fv5770-1830008461\/\">Read More<\/a><\/div>","protected":false},"featured_media":20892,"comment_status":"closed","ping_status":"closed","template":"","meta":[],"product_brand":[],"product_cat":[3351],"product_tag":[],"class_list":{"0":"post-20890","1":"product","2":"type-product","3":"status-publish","4":"has-post-thumbnail","6":"product_cat-utu","7":"pa_istehsalci-tefal","8":"pa_nov-utu","9":"pa_reng-goy","11":"first","12":"instock","13":"shipping-taxable","14":"purchasable","15":"product-type-simple"},"_links":{"self":[{"href":"https:\/\/technoworld.az\/ru\/wp-json\/wp\/v2\/product\/20890","targetHints":{"allow":["GET"]}}],"collection":[{"href":"https:\/\/technoworld.az\/ru\/wp-json\/wp\/v2\/product"}],"about":[{"href":"https:\/\/technoworld.az\/ru\/wp-json\/wp\/v2\/types\/product"}],"replies":[{"embeddable":true,"href":"https:\/\/technoworld.az\/ru\/wp-json\/wp\/v2\/comments?post=20890"}],"wp:featuredmedia":[{"embeddable":true,"href":"https:\/\/technoworld.az\/ru\/wp-json\/wp\/v2\/media\/20892"}],"wp:attachment":[{"href":"https:\/\/technoworld.az\/ru\/wp-json\/wp\/v2\/media?parent=20890"}],"wp:term":[{"taxonomy":"product_brand","embeddable":true,"href":"https:\/\/technoworld.az\/ru\/wp-json\/wp\/v2\/product_brand?post=20890"},{"taxonomy":"product_cat","embeddable":true,"href":"https:\/\/technoworld.az\/ru\/wp-json\/wp\/v2\/product_cat?post=20890"},{"taxonomy":"product_tag","embeddable":true,"href":"https:\/\/technoworld.az\/ru\/wp-json\/wp\/v2\/product_tag?post=20890"}],"curies":[{"name":"wp","href":"https:\/\/api.w.org\/{rel}","templated":true}]}}