{"id":20999,"date":"2025-02-17T18:54:06","date_gmt":"2025-02-17T15:54:06","guid":{"rendered":"https:\/\/technoworld.az\/?post_type=product&#038;p=20999"},"modified":"2025-02-17T18:58:46","modified_gmt":"2025-02-17T15:58:46","slug":"buxarlayici-philips-gc486-30","status":"publish","type":"product","link":"https:\/\/technoworld.az\/ru\/product\/buxarlayici-philips-gc486-30\/","title":{"rendered":"Buxarlay\u0131c\u0131 Philips GC486\/30"},"content":{"rendered":"<p><strong>\u0411\u0440\u0435\u043d\u0434:<\/strong> Philips<\/p>\n<p><strong>N\u00f6v:<\/strong> buxarlay\u0131c\u0131<\/p>\n<p><strong>G\u00fcc, Vt:<\/strong> 1800<\/p>\n<p><strong>Altl\u0131\u011f\u0131n material\u0131:<\/strong> keramika<\/p>\n<p><strong>Buxar g\u00fcc\u00fc, q\/d\u0259q:<\/strong> 35<\/p>\n<p><strong>Su rezervuar\u0131n h\u0259cmi, l:<\/strong> 1.4<\/p>\n<p><strong>Vertikal buxarlanma:<\/strong> var<\/p>\n<p><strong>Kabelin uzunlu\u011fu, m:<\/strong> 1.8<\/p>\n<p><strong>\u00d6l\u00e7\u00fcl\u0259r, sm:<\/strong> 31.5 x 27.7 x 30.9<\/p>\n<p><strong>\u0412\u0435\u0441 (\u043a\u0433:<\/strong> 3.4<\/p>\n<p><strong>\u0426\u0432\u0435\u0442:<\/strong> a\u011f \/ b\u0259n\u00f6v\u015f\u0259yi<\/p>\n<p><strong>Z\u0259man\u0259t m\u00fcdd\u0259ti:<\/strong> 12 ay<\/p>","protected":false},"excerpt":{"rendered":"<p>Brend: Philips N\u00f6v: buxarlay\u0131c\u0131 G\u00fcc, Vt: 1800 Altl\u0131\u011f\u0131n material\u0131: keramika Buxar g\u00fcc\u00fc, q\/d\u0259q: 35 Su rezervuar\u0131n h\u0259cmi, l: 1.4 Vertikal buxarlanma: var Kabelin uzunlu\u011fu, m: 1.8 \u00d6l\u00e7\u00fcl\u0259r, sm: 31.5 x 27.7 x 30.9 \u00c7\u0259ki, kq: 3.4 R\u0259ng: a\u011f \/ b\u0259n\u00f6v\u015f\u0259yi Z\u0259man\u0259t m\u00fcdd\u0259ti: 12 ay<\/p>","protected":false},"featured_media":21001,"comment_status":"closed","ping_status":"closed","template":"","meta":[],"product_brand":[],"product_cat":[3351],"product_tag":[],"class_list":{"0":"post-20999","1":"product","2":"type-product","3":"status-publish","4":"has-post-thumbnail","6":"product_cat-utu","7":"pa_istehsalci-philips","8":"pa_nov-buxarlayici","9":"pa_reng-bnovsyi","11":"first","12":"instock","13":"shipping-taxable","14":"purchasable","15":"product-type-simple"},"_links":{"self":[{"href":"https:\/\/technoworld.az\/ru\/wp-json\/wp\/v2\/product\/20999","targetHints":{"allow":["GET"]}}],"collection":[{"href":"https:\/\/technoworld.az\/ru\/wp-json\/wp\/v2\/product"}],"about":[{"href":"https:\/\/technoworld.az\/ru\/wp-json\/wp\/v2\/types\/product"}],"replies":[{"embeddable":true,"href":"https:\/\/technoworld.az\/ru\/wp-json\/wp\/v2\/comments?post=20999"}],"wp:featuredmedia":[{"embeddable":true,"href":"https:\/\/technoworld.az\/ru\/wp-json\/wp\/v2\/media\/21001"}],"wp:attachment":[{"href":"https:\/\/technoworld.az\/ru\/wp-json\/wp\/v2\/media?parent=20999"}],"wp:term":[{"taxonomy":"product_brand","embeddable":true,"href":"https:\/\/technoworld.az\/ru\/wp-json\/wp\/v2\/product_brand?post=20999"},{"taxonomy":"product_cat","embeddable":true,"href":"https:\/\/technoworld.az\/ru\/wp-json\/wp\/v2\/product_cat?post=20999"},{"taxonomy":"product_tag","embeddable":true,"href":"https:\/\/technoworld.az\/ru\/wp-json\/wp\/v2\/product_tag?post=20999"}],"curies":[{"name":"wp","href":"https:\/\/api.w.org\/{rel}","templated":true}]}}