{"id":21308,"date":"2025-02-24T14:23:03","date_gmt":"2025-02-24T11:23:03","guid":{"rendered":"https:\/\/technoworld.az\/?post_type=product&#038;p=21308"},"modified":"2025-05-15T12:01:04","modified_gmt":"2025-05-15T09:01:04","slug":"noutbuk-lenovo-thinkbook-16-g7-qoy-21nh000gru","status":"publish","type":"product","link":"https:\/\/technoworld.az\/ru\/product\/noutbuk-lenovo-thinkbook-16-g7-qoy-21nh000gru\/","title":{"rendered":"Noutbuk Lenovo ThinkBook 16 G7 QOY (21NH000GRU)"},"content":{"rendered":"<p><strong>\u0411\u0440\u0435\u043d\u0434:<\/strong> Lenovo<\/p>\n<p><strong>\u041c\u043e\u0434\u0435\u043b\u044c<\/strong> ThinkBook<\/p>\n<p><strong>\u041e\u043f\u0435\u0440\u0430\u0446\u0438\u043e\u043d\u043d\u0430\u044f \u0441\u0438\u0441\u0442\u0435\u043c\u0430:<\/strong> Windows 11 Pro<\/p>\n<p><strong>\u041f\u0440\u043e\u0446\u0435\u0441\u0441\u043e\u0440:<\/strong> Qualcomm Snapdragon\u00ae X Plus X1P-42-100, 8C, (up to 3.4 GHz)<\/p>\n<p><strong>\u0412\u0438\u0434\u0435\u043e\u043a\u0430\u0440\u0442\u0430:<\/strong> qura\u015fd\u0131r\u0131lm\u0131\u015f Qualcomm\u00ae Adreno\u2122<\/p>\n<p><strong>\u041e\u043f\u0435\u0440\u0430\u0442\u0438\u0432\u043d\u0430\u044f \u043f\u0430\u043c\u044f\u0442\u044c:<\/strong> 32GB LPDDR5x-8448<\/p>\n<p><strong>SSD:<\/strong> 1TB M.2 2242 PCIe\u00ae 4.0&#215;4 NVMe\u00ae<\/p>\n<p><strong>\u0422\u0438\u043f \u044d\u043a\u0440\u0430\u043d\u0430:<\/strong> IPS<\/p>\n<p><strong>\u0414\u0438\u0430\u0433\u043e\u043d\u0430\u043b\u044c \u044d\u043a\u0440\u0430\u043d\u0430:<\/strong> 16<\/p>\n<p><strong>\u0412\u043e\u0437\u043c\u043e\u0436\u043d\u043e\u0441\u0442\u0438 \u0434\u0438\u0441\u043f\u043b\u0435\u044f:<\/strong> WUXGA 1920 x 1200<\/p>\n<p><strong>\u0410\u043a\u043a\u0443\u043c\u0443\u043b\u044f\u0442\u043e\u0440:<\/strong> 84 Vts<\/p>\n<p><strong>\u0418\u043d\u0442\u0435\u0440\u0444\u0435\u0439\u0441\u044b:<\/strong> 2x USB Type-A, 2x USB Type-C, 1x HDMI 2.1, 1 x h\/m combo<\/p>\n<p><strong>Web kamera:<\/strong> FHD 1080p<\/p>\n<p><strong>Wi-Fi:<\/strong> 7 (802.11be 2&#215;2)<\/p>\n<p><strong>Bluetooth:<\/strong> 5.3<\/p>\n<p><strong>\u0420\u0430\u0437\u043c\u0435\u0440\u044b, \u043c\u043c:<\/strong> 356.4 x 248.4 x 16.7<\/p>\n<p><strong>\u0412\u0435\u0441 (\u043a\u0433:<\/strong> 1.82<\/p>\n<p><strong>\u0426\u0432\u0435\u0442:<\/strong> Luna Grey<\/p>","protected":false},"excerpt":{"rendered":"<p>\u018fm\u0259liyyat sistemi: Windows 11 Pro<\/p>\n<p>Prosessor: Snapdragon\u00ae X Plus X1P-42-100<\/p>\n<p>Videokart: qura\u015fd\u0131r\u0131lm\u0131\u015f Qualcomm\u00ae Adreno\u2122<\/p>\n<p>Operativ yadda\u015f: 32 GB<\/p>\n<p>SSD: 1 TB<\/p>\n<p>Ekran diaqonal\u0131: 16<\/p>\n<p>\u0413\u0430\u0440\u0430\u043d\u0442\u0438\u0439\u043d\u044b\u0439 \u0441\u0440\u043e\u043a: 12 \u043c\u0435\u0441\u044f\u0446\u0435\u0432.<\/p>","protected":false},"featured_media":21309,"comment_status":"closed","ping_status":"closed","template":"","meta":[],"product_brand":[],"product_cat":[141],"product_tag":[],"class_list":{"0":"post-21308","1":"product","2":"type-product","3":"status-publish","4":"has-post-thumbnail","6":"product_cat-noutbuklar-az","7":"pa_ekran-diaqonali-1548","8":"pa_eo-windows-11-pro","9":"pa_istehsalci-lenovo","10":"pa_nuve-sayi-8-en","11":"pa_operativ-yaddas-32-gb","12":"pa_prosessor-qualcomm-snapdragon-x-plus-x1p-42-100","13":"pa_reng-gumusu","14":"pa_seriya-thinkbook","15":"pa_ssd-1tb-ssd-m-2-2242","16":"pa_tyinat-universal","17":"pa_videokart-modeli-qualcomm-adreno","19":"first","20":"instock","21":"shipping-taxable","22":"purchasable","23":"product-type-simple"},"_links":{"self":[{"href":"https:\/\/technoworld.az\/ru\/wp-json\/wp\/v2\/product\/21308","targetHints":{"allow":["GET"]}}],"collection":[{"href":"https:\/\/technoworld.az\/ru\/wp-json\/wp\/v2\/product"}],"about":[{"href":"https:\/\/technoworld.az\/ru\/wp-json\/wp\/v2\/types\/product"}],"replies":[{"embeddable":true,"href":"https:\/\/technoworld.az\/ru\/wp-json\/wp\/v2\/comments?post=21308"}],"wp:featuredmedia":[{"embeddable":true,"href":"https:\/\/technoworld.az\/ru\/wp-json\/wp\/v2\/media\/21309"}],"wp:attachment":[{"href":"https:\/\/technoworld.az\/ru\/wp-json\/wp\/v2\/media?parent=21308"}],"wp:term":[{"taxonomy":"product_brand","embeddable":true,"href":"https:\/\/technoworld.az\/ru\/wp-json\/wp\/v2\/product_brand?post=21308"},{"taxonomy":"product_cat","embeddable":true,"href":"https:\/\/technoworld.az\/ru\/wp-json\/wp\/v2\/product_cat?post=21308"},{"taxonomy":"product_tag","embeddable":true,"href":"https:\/\/technoworld.az\/ru\/wp-json\/wp\/v2\/product_tag?post=21308"}],"curies":[{"name":"wp","href":"https:\/\/api.w.org\/{rel}","templated":true}]}}