{"id":22476,"date":"2025-03-19T14:04:43","date_gmt":"2025-03-19T11:04:43","guid":{"rendered":"https:\/\/technoworld.az\/?post_type=product&#038;p=22476"},"modified":"2025-03-19T14:04:43","modified_gmt":"2025-03-19T11:04:43","slug":"tozsoran-samsung-vc18m2150sg-ev","status":"publish","type":"product","link":"https:\/\/technoworld.az\/ru\/product\/tozsoran-samsung-vc18m2150sg-ev\/","title":{"rendered":"Tozsoran Samsung VC18M2150SG\/EV"},"content":{"rendered":"<p><strong>\u0411\u0440\u0435\u043d\u0434:<\/strong> Samsung<\/p>\n<p><strong>N\u00f6v:<\/strong> adi<\/p>\n<p><strong>T\u0259mizl\u0259m\u0259 n\u00f6v\u00fc:<\/strong> quru<\/p>\n<p><strong>\u0130stehlak g\u00fcc\u00fc, Vt:<\/strong> 1800<\/p>\n<p><strong>Sorma g\u00fcc\u00fc, Vt:<\/strong> 380<\/p>\n<p><strong>S\u0259s s\u0259viyy\u0259si, dB:<\/strong> 87<\/p>\n<p><strong>Tozy\u0131\u011fan n\u00f6v\u00fc:<\/strong> konteyner<\/p>\n<p><strong>Tozy\u0131\u011fan h\u0259cmi, l:<\/strong> 1.5<\/p>\n<p><strong>Filtr:<\/strong> HEPA<\/p>\n<p><strong>G\u00fcc t\u0259nziml\u0259yicisi:<\/strong> korpusda<\/p>\n<p><strong>Sorma borusu:<\/strong> teleskopik<\/p>\n<p><strong>Sorma borunun material\u0131:<\/strong> polad<\/p>\n<p><strong>Ba\u015fl\u0131qlar:<\/strong> &#8220;2-si 1-d\u0259&#8221; ba\u015fl\u0131q<\/p>\n<p><strong>X\u00fcsusiyy\u0259tl\u0259r:<\/strong> kabelin avtomatik sar\u0131lnas\u0131<\/p>\n<p><strong>Kabelin uzunlu\u011fu, m:<\/strong> 6<\/p>\n<p><strong>Korpus material\u0131:<\/strong> plastik<\/p>\n<p><strong>\u00d6l\u00e7\u00fcl\u0259r, sm:<\/strong> 24.3 \u0445 27.2 \u0445 39.8<\/p>\n<p><strong>\u0412\u0435\u0441 (\u043a\u0433:<\/strong> 4.6<\/p>\n<p><strong>\u0426\u0432\u0435\u0442:<\/strong> qara<\/p>","protected":false},"excerpt":{"rendered":"<p>N\u00f6v: adi<\/p>\n<p>T\u0259mizl\u0259m\u0259 n\u00f6v\u00fc: quru<\/p>\n<p>Sorma g\u00fcc\u00fc, Vt: 1800<\/p>\n<p>Tozy\u0131\u011fan n\u00f6v\u00fc, h\u0259cmi: konteyner, 1.5 l<\/p>\n<p>\u0413\u0430\u0440\u0430\u043d\u0442\u0438\u0439\u043d\u044b\u0439 \u0441\u0440\u043e\u043a: 12 \u043c\u0435\u0441\u044f\u0446\u0435\u0432.<\/p>","protected":false},"featured_media":22478,"comment_status":"closed","ping_status":"closed","template":"","meta":[],"product_cat":[3353],"product_tag":[],"class_list":{"0":"post-22476","1":"product","2":"type-product","3":"status-publish","4":"has-post-thumbnail","6":"product_cat-tozsoran","7":"pa_istehsalci-samsung","8":"pa_nov-adi-tozsoran","9":"pa_reng-qara","11":"first","12":"instock","13":"shipping-taxable","14":"purchasable","15":"product-type-simple"},"_links":{"self":[{"href":"https:\/\/technoworld.az\/ru\/wp-json\/wp\/v2\/product\/22476","targetHints":{"allow":["GET"]}}],"collection":[{"href":"https:\/\/technoworld.az\/ru\/wp-json\/wp\/v2\/product"}],"about":[{"href":"https:\/\/technoworld.az\/ru\/wp-json\/wp\/v2\/types\/product"}],"replies":[{"embeddable":true,"href":"https:\/\/technoworld.az\/ru\/wp-json\/wp\/v2\/comments?post=22476"}],"wp:featuredmedia":[{"embeddable":true,"href":"https:\/\/technoworld.az\/ru\/wp-json\/wp\/v2\/media\/22478"}],"wp:attachment":[{"href":"https:\/\/technoworld.az\/ru\/wp-json\/wp\/v2\/media?parent=22476"}],"wp:term":[{"taxonomy":"product_cat","embeddable":true,"href":"https:\/\/technoworld.az\/ru\/wp-json\/wp\/v2\/product_cat?post=22476"},{"taxonomy":"product_tag","embeddable":true,"href":"https:\/\/technoworld.az\/ru\/wp-json\/wp\/v2\/product_tag?post=22476"}],"curies":[{"name":"wp","href":"https:\/\/api.w.org\/{rel}","templated":true}]}}