{"id":23834,"date":"2025-04-30T12:59:16","date_gmt":"2025-04-30T09:59:16","guid":{"rendered":"https:\/\/technoworld.az\/?post_type=product&#038;p=23834"},"modified":"2025-04-30T13:08:27","modified_gmt":"2025-04-30T10:08:27","slug":"utu-hoffmann-si2000","status":"publish","type":"product","link":"https:\/\/technoworld.az\/ru\/product\/utu-hoffmann-si2000\/","title":{"rendered":"\u00dct\u00fc HOFFMANN SI2000"},"content":{"rendered":"<p><strong>\u0411\u0440\u0435\u043d\u0434:<\/strong> HOFFMANN<\/p>\n<p><strong>N\u00f6v:<\/strong> \u00fct\u00fc<\/p>\n<p><strong>G\u00fcc, Vt:<\/strong> 2000<\/p>\n<p><strong>Altl\u0131\u011f\u0131n material\u0131:<\/strong> keramika<\/p>\n<p><strong>Daimi buxar g\u00fcc\u00fc, q\/d\u0259q:<\/strong> 40<\/p>\n<p><strong>T\u0259nziml\u0259n\u0259n buxar g\u00fcc\u00fc q\/d\u0259q:<\/strong> 120<\/p>\n<p><strong>Su rezervuar\u0131n h\u0259cmi, ml:<\/strong> 250<\/p>\n<p><strong>Vertikal buxarlanma:<\/strong> var<\/p>\n<p><strong>X\u00fcsusiyy\u0259tl\u0259r:<\/strong> suyun s\u0259pilm\u0259si, \u0259rpd\u0259n m\u00fcdafi\u0259, anti-damc\u0131 sistemi, \u00f6z\u00fcn\u00fc t\u0259mizl\u0259m\u0259 sistemi, quru \u00fct\u00fcl\u0259m\u0259, indikator<\/p>\n<p><strong>Kabelin uzunlu\u011fu, m:<\/strong> 1.5<\/p>\n<p><strong>\u0426\u0432\u0435\u0442:<\/strong> mavi<\/p>\n<p><strong>Z\u0259man\u0259t m\u00fcdd\u0259ti:<\/strong> 12 ay<\/p>","protected":false},"excerpt":{"rendered":"<p>Brend: HOFFMANN N\u00f6v: \u00fct\u00fc G\u00fcc, Vt: 2000 Altl\u0131\u011f\u0131n material\u0131: keramika Daimi buxar g\u00fcc\u00fc, q\/d\u0259q: 40 T\u0259nziml\u0259n\u0259n buxar g\u00fcc\u00fc q\/d\u0259q: 120 Su rezervuar\u0131n h\u0259cmi, ml: 250 Vertikal buxarlanma: var X\u00fcsusiyy\u0259tl\u0259r: suyun s\u0259pilm\u0259si, \u0259rpd\u0259n m\u00fcdafi\u0259, anti-damc\u0131 sistemi, \u00f6z\u00fcn\u00fc t\u0259mizl\u0259m\u0259 sistemi, quru \u00fct\u00fcl\u0259m\u0259, indikator Kabelin uzunlu\u011fu, m: 1.5 R\u0259ng: mavi Z\u0259man\u0259t m\u00fcdd\u0259ti: 12 ay<\/p>","protected":false},"featured_media":23842,"comment_status":"closed","ping_status":"closed","template":"","meta":[],"product_brand":[],"product_cat":[3351],"product_tag":[],"class_list":{"0":"post-23834","1":"product","2":"type-product","3":"status-publish","4":"has-post-thumbnail","6":"product_cat-utu","7":"pa_istehsalci-hoffmann","8":"pa_nov-utu","9":"pa_reng-mavi","11":"first","12":"instock","13":"shipping-taxable","14":"purchasable","15":"product-type-simple"},"_links":{"self":[{"href":"https:\/\/technoworld.az\/ru\/wp-json\/wp\/v2\/product\/23834","targetHints":{"allow":["GET"]}}],"collection":[{"href":"https:\/\/technoworld.az\/ru\/wp-json\/wp\/v2\/product"}],"about":[{"href":"https:\/\/technoworld.az\/ru\/wp-json\/wp\/v2\/types\/product"}],"replies":[{"embeddable":true,"href":"https:\/\/technoworld.az\/ru\/wp-json\/wp\/v2\/comments?post=23834"}],"wp:featuredmedia":[{"embeddable":true,"href":"https:\/\/technoworld.az\/ru\/wp-json\/wp\/v2\/media\/23842"}],"wp:attachment":[{"href":"https:\/\/technoworld.az\/ru\/wp-json\/wp\/v2\/media?parent=23834"}],"wp:term":[{"taxonomy":"product_brand","embeddable":true,"href":"https:\/\/technoworld.az\/ru\/wp-json\/wp\/v2\/product_brand?post=23834"},{"taxonomy":"product_cat","embeddable":true,"href":"https:\/\/technoworld.az\/ru\/wp-json\/wp\/v2\/product_cat?post=23834"},{"taxonomy":"product_tag","embeddable":true,"href":"https:\/\/technoworld.az\/ru\/wp-json\/wp\/v2\/product_tag?post=23834"}],"curies":[{"name":"wp","href":"https:\/\/api.w.org\/{rel}","templated":true}]}}