{"id":24498,"date":"2025-05-15T13:34:49","date_gmt":"2025-05-15T10:34:49","guid":{"rendered":"https:\/\/technoworld.az\/?post_type=product&#038;p=24498"},"modified":"2025-05-15T13:34:50","modified_gmt":"2025-05-15T10:34:50","slug":"noutbuk-lenovo-ideapad-slim-3-15irh10-83k1002vrk","status":"publish","type":"product","link":"https:\/\/technoworld.az\/ru\/product\/noutbuk-lenovo-ideapad-slim-3-15irh10-83k1002vrk\/","title":{"rendered":"Noutbuk Lenovo IdeaPad Slim 3 15IRH10 (83K1002VRK)"},"content":{"rendered":"<p><strong>\u0411\u0440\u0435\u043d\u0434:<\/strong> Lenovo<\/p>\n<p><strong>\u041c\u043e\u0434\u0435\u043b\u044c<\/strong> IdeaPad<\/p>\n<p><strong>\u041e\u043f\u0435\u0440\u0430\u0446\u0438\u043e\u043d\u043d\u0430\u044f \u0441\u0438\u0441\u0442\u0435\u043c\u0430:<\/strong> FreeDOS<\/p>\n<p><strong>\u041f\u0440\u043e\u0446\u0435\u0441\u0441\u043e\u0440:<\/strong> Intel\u00ae Core\u2122 i5-13420H, 8C, (1.5 &#8211; 4.6 GHz)<\/p>\n<p><strong>\u0412\u0438\u0434\u0435\u043e\u043a\u0430\u0440\u0442\u0430:<\/strong> qura\u015fd\u0131r\u0131lm\u0131\u015f Intel\u00ae UHD Graphics<\/p>\n<p><strong>\u041e\u043f\u0435\u0440\u0430\u0442\u0438\u0432\u043d\u0430\u044f \u043f\u0430\u043c\u044f\u0442\u044c:<\/strong> 16GB (2x8GB) DDR5-4800<\/p>\n<p><strong>SSD:<\/strong> 512GB M.2 2242 PCIe 4.0&#215;4 NVMe<\/p>\n<p><strong>\u0422\u0438\u043f \u044d\u043a\u0440\u0430\u043d\u0430:<\/strong>\u00a0IPS<\/p>\n<p><strong>\u0414\u0438\u0430\u0433\u043e\u043d\u0430\u043b\u044c \u044d\u043a\u0440\u0430\u043d\u0430:<\/strong> 15.3<\/p>\n<p><strong>\u0412\u043e\u0437\u043c\u043e\u0436\u043d\u043e\u0441\u0442\u0438 \u0434\u0438\u0441\u043f\u043b\u0435\u044f:<\/strong> WUXGA (1920 x 1200)<\/p>\n<p><strong>\u0410\u043a\u043a\u0443\u043c\u0443\u043b\u044f\u0442\u043e\u0440:<\/strong> 60 Vts<\/p>\n<p><strong>\u0418\u043d\u0442\u0435\u0440\u0444\u0435\u0439\u0441\u044b:<\/strong> 2x USB 3.2, 1 x USB 3.2 Type-C, 1x HDMI 1.4, 1x h\/m combo<\/p>\n<p><strong>Web kamera:<\/strong> HD 720p<\/p>\n<p><strong>Wi-Fi:<\/strong> 6 (802.11ax 2&#215;2)<\/p>\n<p><strong>Bluetooth:<\/strong>\u00a05.2<\/p>\n<p><strong>\u0420\u0430\u0437\u043c\u0435\u0440\u044b, \u043c\u043c:<\/strong> 343.4 x 239.5 x 17.9<\/p>\n<p><strong>\u0412\u0435\u0441 (\u043a\u0433:<\/strong> 1.63<\/p>\n<p><strong>\u0426\u0432\u0435\u0442:<\/strong> Luna Grey<\/p>\n<p><strong>Z\u0259man\u0259t m\u00fcdd\u0259ti:<\/strong> 12 ay<\/p>","protected":false},"excerpt":{"rendered":"<p>Brend: Lenovo Seriya: IdeaPad \u018fm\u0259liyyat sistemi: FreeDOS Prosessor: Intel\u00ae Core\u2122 i5-13420H, 8C, (1.5 &#8211; 4.6 GHz) Videokart: qura\u015fd\u0131r\u0131lm\u0131\u015f Intel\u00ae UHD Graphics Operativ yadda\u015f: 16GB (2x8GB) DDR5-4800 SSD: 512GB M.2 2242 PCIe 4.0&#215;4 NVMe Ekran n\u00f6v\u00fc:\u00a0IPS Ekran diaqonal\u0131: 15.3 Ekran imkanlar\u0131: WUXGA (1920 x 1200) Akkumulyator: 60 Vts \u0130nterfeysl\u0259r: 2x USB 3.2, 1 x USB 3.2<\/p>\n<div class=\"klb-readmore entry-button\"><a class=\"btn read-more\" href=\"https:\/\/technoworld.az\/ru\/product\/noutbuk-lenovo-ideapad-slim-3-15irh10-83k1002vrk\/\">Read More<\/a><\/div>","protected":false},"featured_media":24499,"comment_status":"closed","ping_status":"closed","template":"","meta":[],"product_brand":[],"product_cat":[141],"product_tag":[],"class_list":{"0":"post-24498","1":"product","2":"type-product","3":"status-publish","4":"has-post-thumbnail","6":"product_cat-noutbuklar-az","7":"pa_ekran-diaqonali-15-3","8":"pa_eo-free-dos","9":"pa_istehsalci-lenovo","10":"pa_nuve-sayi-1139","11":"pa_operativ-yaddas-2x-8gb","12":"pa_prosessor-intel-core-i5-13420h","13":"pa_reng-grey","14":"pa_seriya-ideapad","15":"pa_ssd-512-gb-ssd-m-2-2242","16":"pa_tyinat-universal","17":"pa_videokart-modeli-intel-uhd-graphics","19":"first","20":"instock","21":"shipping-taxable","22":"purchasable","23":"product-type-simple"},"_links":{"self":[{"href":"https:\/\/technoworld.az\/ru\/wp-json\/wp\/v2\/product\/24498","targetHints":{"allow":["GET"]}}],"collection":[{"href":"https:\/\/technoworld.az\/ru\/wp-json\/wp\/v2\/product"}],"about":[{"href":"https:\/\/technoworld.az\/ru\/wp-json\/wp\/v2\/types\/product"}],"replies":[{"embeddable":true,"href":"https:\/\/technoworld.az\/ru\/wp-json\/wp\/v2\/comments?post=24498"}],"wp:featuredmedia":[{"embeddable":true,"href":"https:\/\/technoworld.az\/ru\/wp-json\/wp\/v2\/media\/24499"}],"wp:attachment":[{"href":"https:\/\/technoworld.az\/ru\/wp-json\/wp\/v2\/media?parent=24498"}],"wp:term":[{"taxonomy":"product_brand","embeddable":true,"href":"https:\/\/technoworld.az\/ru\/wp-json\/wp\/v2\/product_brand?post=24498"},{"taxonomy":"product_cat","embeddable":true,"href":"https:\/\/technoworld.az\/ru\/wp-json\/wp\/v2\/product_cat?post=24498"},{"taxonomy":"product_tag","embeddable":true,"href":"https:\/\/technoworld.az\/ru\/wp-json\/wp\/v2\/product_tag?post=24498"}],"curies":[{"name":"wp","href":"https:\/\/api.w.org\/{rel}","templated":true}]}}