{"id":25177,"date":"2025-05-26T22:20:19","date_gmt":"2025-05-26T19:20:19","guid":{"rendered":"https:\/\/technoworld.az\/?post_type=product&#038;p=25177"},"modified":"2025-05-26T22:20:20","modified_gmt":"2025-05-26T19:20:20","slug":"multistayler-dyson-hs08-airwrap-i-d-ceramic-patina","status":"publish","type":"product","link":"https:\/\/technoworld.az\/ru\/product\/multistayler-dyson-hs08-airwrap-i-d-ceramic-patina\/","title":{"rendered":"Multistayler Dyson HS08 Airwrap i.d Ceramic Patina"},"content":{"rendered":"<p><strong>\u0411\u0440\u0435\u043d\u0434:<\/strong> Dyson<\/p>\n<p><strong>N\u00f6v:<\/strong> multistayler<\/p>\n<p><strong>\u0130dar\u0259etm\u0259 n\u00f6v\u00fc:<\/strong> mexaniki<\/p>\n<p><strong>G\u00fcc, Vt:<\/strong> 1300<\/p>\n<p><strong>S\u00fcr\u0259t say\u0131:<\/strong> 3<\/p>\n<p><strong>Rejiml\u0259rin say\u0131:<\/strong> 3<\/p>\n<p><strong>Maksimal temperatur:<\/strong> 150 \u00b0C<\/p>\n<p><strong>\u0130sinm\u0259 vaxt\u0131:<\/strong> 30 san<\/p>\n<p><strong>Ba\u015fl\u0131qlar\u0131n say\u0131:<\/strong> 6<\/p>\n<p><strong>Ba\u015fl\u0131qlar\u0131n n\u00f6v\u00fc:<\/strong> daraq, d\u00fczl\u0259\u015fdirm\u0259k \u00fc\u00e7\u00fcn, buruq sa\u00e7lar \u00fc\u00e7\u00fcn<\/p>\n<p><strong>X\u00fcsusiyy\u0259tl\u0259r:<\/strong> Bluetooth, MyDyson\u2122 mobil t\u0259tbiqi il\u0259 sinxronla\u015fd\u0131rma, ionla\u015fma funksiyas\u0131, q\u0131zmadan m\u00fcdafi\u0259, indikator<\/p>\n<p><strong>Ma\u015fan\u0131n material\u0131:<\/strong> keramika-turmalin<\/p>\n<p><strong>Korpusun material\u0131:<\/strong> plastik<\/p>\n<p><strong>Kabelin uzunlu\u011fu, m:<\/strong> 2.68<\/p>\n<p><strong>Ma\u015fan\u0131n diametri, sm:<\/strong> 3, 4<\/p>\n<p><strong>\u00d6l\u00e7\u00fcl\u0259r, sm:<\/strong> 27.2 x 4.8 x 4.1<\/p>\n<p><strong>\u0412\u0435\u0441 (\u043a\u0433:<\/strong> 0.57<\/p>\n<p><strong>\u0426\u0432\u0435\u0442:<\/strong> mavi<\/p>\n<p><strong>Z\u0259man\u0259t m\u00fcdd\u0259ti:<\/strong> 12 ay<\/p>","protected":false},"excerpt":{"rendered":"<p>Brend: Dyson N\u00f6v: multistayler \u0130dar\u0259etm\u0259 n\u00f6v\u00fc: mexaniki G\u00fcc, Vt: 1300 S\u00fcr\u0259t say\u0131: 3 Rejiml\u0259rin say\u0131: 3 Maksimal temperatur: 150 \u00b0C \u0130sinm\u0259 vaxt\u0131: 30 san Ba\u015fl\u0131qlar\u0131n say\u0131: 6 Ba\u015fl\u0131qlar\u0131n n\u00f6v\u00fc: daraq, d\u00fczl\u0259\u015fdirm\u0259k \u00fc\u00e7\u00fcn, buruq sa\u00e7lar \u00fc\u00e7\u00fcn X\u00fcsusiyy\u0259tl\u0259r: Bluetooth, MyDyson\u2122 mobil t\u0259tbiqi il\u0259 sinxronla\u015fd\u0131rma, ionla\u015fma funksiyas\u0131, q\u0131zmadan m\u00fcdafi\u0259, indikator Ma\u015fan\u0131n material\u0131: keramika-turmalin Korpusun material\u0131: plastik Kabelin uzunlu\u011fu,<\/p>\n<div class=\"klb-readmore entry-button\"><a class=\"btn read-more\" href=\"https:\/\/technoworld.az\/ru\/product\/multistayler-dyson-hs08-airwrap-i-d-ceramic-patina\/\">Read More<\/a><\/div>","protected":false},"featured_media":25178,"comment_status":"closed","ping_status":"closed","template":"","meta":[],"product_brand":[],"product_cat":[15],"product_tag":[],"class_list":{"0":"post-25177","1":"product","2":"type-product","3":"status-publish","4":"has-post-thumbnail","6":"product_cat-uncategorized","7":"pa_istehsalci-dyson","8":"pa_nov-multistayler","9":"pa_reng-mavi","11":"first","12":"instock","13":"shipping-taxable","14":"purchasable","15":"product-type-simple"},"_links":{"self":[{"href":"https:\/\/technoworld.az\/ru\/wp-json\/wp\/v2\/product\/25177","targetHints":{"allow":["GET"]}}],"collection":[{"href":"https:\/\/technoworld.az\/ru\/wp-json\/wp\/v2\/product"}],"about":[{"href":"https:\/\/technoworld.az\/ru\/wp-json\/wp\/v2\/types\/product"}],"replies":[{"embeddable":true,"href":"https:\/\/technoworld.az\/ru\/wp-json\/wp\/v2\/comments?post=25177"}],"wp:featuredmedia":[{"embeddable":true,"href":"https:\/\/technoworld.az\/ru\/wp-json\/wp\/v2\/media\/25178"}],"wp:attachment":[{"href":"https:\/\/technoworld.az\/ru\/wp-json\/wp\/v2\/media?parent=25177"}],"wp:term":[{"taxonomy":"product_brand","embeddable":true,"href":"https:\/\/technoworld.az\/ru\/wp-json\/wp\/v2\/product_brand?post=25177"},{"taxonomy":"product_cat","embeddable":true,"href":"https:\/\/technoworld.az\/ru\/wp-json\/wp\/v2\/product_cat?post=25177"},{"taxonomy":"product_tag","embeddable":true,"href":"https:\/\/technoworld.az\/ru\/wp-json\/wp\/v2\/product_tag?post=25177"}],"curies":[{"name":"wp","href":"https:\/\/api.w.org\/{rel}","templated":true}]}}