{"id":25645,"date":"2025-06-05T21:58:52","date_gmt":"2025-06-05T18:58:52","guid":{"rendered":"https:\/\/technoworld.az\/?post_type=product&#038;p=25645"},"modified":"2025-06-05T21:59:53","modified_gmt":"2025-06-05T18:59:53","slug":"sir%c9%99c%c9%99k%c9%99n-braun-j500","status":"publish","type":"product","link":"https:\/\/technoworld.az\/ru\/product\/sir%c9%99c%c9%99k%c9%99n-braun-j500\/","title":{"rendered":"\u015eir\u0259\u00e7\u0259k\u0259n Braun J500"},"content":{"rendered":"<p><strong>\u0411\u0440\u0435\u043d\u0434:<\/strong> Braun<\/p>\n<p><strong>N\u00f6v:<\/strong> m\u0259rk\u0259zd\u0259nqa\u00e7ma<\/p>\n<p><strong>\u0130dar\u0259etm\u0259 n\u00f6v\u00fc:<\/strong> mexaniki<\/p>\n<p><strong>G\u00fcc, Vt:<\/strong> 900<\/p>\n<p><strong>S\u00fcr\u0259t say\u0131:<\/strong> 2<\/p>\n<p><strong>\u015eir\u0259 qab\u0131n\u0131n h\u0259cmi, l:<\/strong> 1.25<\/p>\n<p><strong>Meyv\u0259 l\u0259ti qab\u0131n\u0131n h\u0259cmi, l:<\/strong> 2<\/p>\n<p><strong>Ba\u015fl\u0131qlar:<\/strong> universal<\/p>\n<p><strong>X\u00fcsusiyy\u0259tl\u0259r:<\/strong> b\u00fct\u00f6v alman\u0131 atma imkan\u0131, k\u00f6p\u00fck ay\u0131r\u0131c\u0131s\u0131, damc\u0131lama \u0259leyhin\u0259 sistem<\/p>\n<p><strong>Kabelin uzunlu\u011fu, m:<\/strong> 1<\/p>\n<p><strong>Korpusun material\u0131:<\/strong> plastik<\/p>\n<p><strong>\u00d6l\u00e7\u00fcl\u0259r, sm:<\/strong> 51 x 38 x 26.5<\/p>\n<p><strong>\u0412\u0435\u0441 (\u043a\u0433:<\/strong> 4<\/p>\n<p><strong>\u0426\u0432\u0435\u0442:<\/strong> qara<\/p>\n<p><strong>Z\u0259man\u0259t m\u00fcdd\u0259ti:<\/strong> 12 ay<\/p>","protected":false},"excerpt":{"rendered":"<p>Brend: Braun N\u00f6v: m\u0259rk\u0259zd\u0259nqa\u00e7ma \u0130dar\u0259etm\u0259 n\u00f6v\u00fc: mexaniki G\u00fcc, Vt: 900 S\u00fcr\u0259t say\u0131: 2 \u015eir\u0259 qab\u0131n\u0131n h\u0259cmi, l: 1.25 Meyv\u0259 l\u0259ti qab\u0131n\u0131n h\u0259cmi, l: 2 Ba\u015fl\u0131qlar: universal X\u00fcsusiyy\u0259tl\u0259r: b\u00fct\u00f6v alman\u0131 atma imkan\u0131, k\u00f6p\u00fck ay\u0131r\u0131c\u0131s\u0131, damc\u0131lama \u0259leyhin\u0259 sistem Kabelin uzunlu\u011fu, m: 1 Korpusun material\u0131: plastik \u00d6l\u00e7\u00fcl\u0259r, sm: 51 x 38 x 26.5 \u00c7\u0259ki, kq: 4 R\u0259ng: qara<\/p>\n<div class=\"klb-readmore entry-button\"><a class=\"btn read-more\" href=\"https:\/\/technoworld.az\/ru\/product\/sir%c9%99c%c9%99k%c9%99n-braun-j500\/\">Read More<\/a><\/div>","protected":false},"featured_media":25646,"comment_status":"closed","ping_status":"closed","template":"","meta":[],"product_brand":[],"product_cat":[3362],"product_tag":[],"class_list":{"0":"post-25645","1":"product","2":"type-product","3":"status-publish","4":"has-post-thumbnail","6":"product_cat-sir-ckn","7":"pa_istehsalci-braun","8":"pa_material-plastik","9":"pa_nov-mrkzdnqacma","10":"pa_reng-qara","12":"first","13":"instock","14":"shipping-taxable","15":"purchasable","16":"product-type-simple"},"_links":{"self":[{"href":"https:\/\/technoworld.az\/ru\/wp-json\/wp\/v2\/product\/25645","targetHints":{"allow":["GET"]}}],"collection":[{"href":"https:\/\/technoworld.az\/ru\/wp-json\/wp\/v2\/product"}],"about":[{"href":"https:\/\/technoworld.az\/ru\/wp-json\/wp\/v2\/types\/product"}],"replies":[{"embeddable":true,"href":"https:\/\/technoworld.az\/ru\/wp-json\/wp\/v2\/comments?post=25645"}],"wp:featuredmedia":[{"embeddable":true,"href":"https:\/\/technoworld.az\/ru\/wp-json\/wp\/v2\/media\/25646"}],"wp:attachment":[{"href":"https:\/\/technoworld.az\/ru\/wp-json\/wp\/v2\/media?parent=25645"}],"wp:term":[{"taxonomy":"product_brand","embeddable":true,"href":"https:\/\/technoworld.az\/ru\/wp-json\/wp\/v2\/product_brand?post=25645"},{"taxonomy":"product_cat","embeddable":true,"href":"https:\/\/technoworld.az\/ru\/wp-json\/wp\/v2\/product_cat?post=25645"},{"taxonomy":"product_tag","embeddable":true,"href":"https:\/\/technoworld.az\/ru\/wp-json\/wp\/v2\/product_tag?post=25645"}],"curies":[{"name":"wp","href":"https:\/\/api.w.org\/{rel}","templated":true}]}}