{"id":5703,"date":"2023-12-02T16:22:35","date_gmt":"2023-12-02T13:22:35","guid":{"rendered":"https:\/\/technoworld.az\/?post_type=product&#038;p=5703"},"modified":"2024-08-11T20:20:12","modified_gmt":"2024-08-11T17:20:12","slug":"laptop-lenovo-v15-g3-iap-82tt003rru","status":"publish","type":"product","link":"https:\/\/technoworld.az\/ru\/product\/laptop-lenovo-v15-g3-iap-82tt003rru\/","title":{"rendered":"\u041d\u043e\u0443\u0442\u0431\u0443\u043a Lenovo V15 G3 IAP (82TT003RRU)"},"content":{"rendered":"<p><span style=\"font-family: Arial, Helvetica, sans-serif;\"><strong>\u0411\u0440\u0435\u043d\u0434:<\/strong> Lenovo<\/span><\/p>\n<p><span style=\"font-family: Arial, Helvetica, sans-serif;\"><strong>\u041c\u043e\u0434\u0435\u043b\u044c\u00a0<\/strong>V15<\/span><\/p>\n<p><span style=\"font-family: Arial, Helvetica, sans-serif;\"><strong>\u041e\u043f\u0435\u0440\u0430\u0446\u0438\u043e\u043d\u043d\u0430\u044f \u0441\u0438\u0441\u0442\u0435\u043c\u0430:\u00a0<\/strong>Free DOS<\/span><\/p>\n<p><span style=\"font-family: Arial, Helvetica, sans-serif;\"><strong>\u041f\u0440\u043e\u0446\u0435\u0441\u0441\u043e\u0440:\u00a0<\/strong>Intel\u00ae Core\u2122 i5-1235U, 10C, (1.3 &#8211; 4.4 GHz)<\/span><\/p>\n<p><span style=\"font-family: Arial, Helvetica, sans-serif;\"><strong>\u0412\u0438\u0434\u0435\u043e\u043a\u0430\u0440\u0442\u0430:\u00a0<\/strong>\u0432\u0441\u0442\u0440\u043e\u0435\u043d\u043d\u0430\u044f \u0433\u0440\u0430\u0444\u0438\u043a\u0430 Intel\u00ae Iris\u00ae Xe<\/span><\/p>\n<p><span style=\"font-family: Arial, Helvetica, sans-serif;\"><strong>\u041e\u043f\u0435\u0440\u0430\u0442\u0438\u0432\u043d\u0430\u044f \u043f\u0430\u043c\u044f\u0442\u044c:\u00a0<\/strong>8GB DDR4-3200<\/span><\/p>\n<p><span style=\"font-family: Arial, Helvetica, sans-serif;\"><strong>SSD:<\/strong> 256GB<\/span><\/p>\n<p><span style=\"font-family: Arial, Helvetica, sans-serif;\"><strong>\u0422\u0438\u043f \u044d\u043a\u0440\u0430\u043d\u0430:<\/strong> IPS<\/span><\/p>\n<p><span style=\"font-family: Arial, Helvetica, sans-serif;\"><strong>\u0414\u0438\u0430\u0433\u043e\u043d\u0430\u043b\u044c \u044d\u043a\u0440\u0430\u043d\u0430:\u00a0<\/strong>15.6<\/span><\/p>\n<p><span style=\"font-family: Arial, Helvetica, sans-serif;\"><strong>\u0412\u043e\u0437\u043c\u043e\u0436\u043d\u043e\u0441\u0442\u0438 \u0434\u0438\u0441\u043f\u043b\u0435\u044f:<\/strong> 1920 x 1080<\/span><\/p>\n<p><span style=\"font-family: Arial, Helvetica, sans-serif;\"><strong>\u0410\u043a\u043a\u0443\u043c\u0443\u043b\u044f\u0442\u043e\u0440:<\/strong> 38 Vts<\/span><\/p>\n<p><span style=\"font-family: Arial, Helvetica, sans-serif;\"><strong>\u0418\u043d\u0442\u0435\u0440\u0444\u0435\u0439\u0441\u044b: <\/strong>1x USB 2.0, 1x USB 3.2 Gen 1 Type-A, 1x USB 3.2 Gen 1 Type-C, HDMI<\/span><\/p>\n<p><span style=\"font-family: Arial, Helvetica, sans-serif;\"><strong>\u0412\u0435\u0431-<\/strong><strong> \u043a\u0430\u043c\u0435\u0440\u0430\u00a0<\/strong>720p<\/span><\/p>\n<p><span style=\"font-family: Arial, Helvetica, sans-serif;\"><strong>Wi-Fi:\u00a0<\/strong>5 (802.11ac)<\/span><\/p>\n<p><span style=\"font-family: Arial, Helvetica, sans-serif;\"><strong>Bluetooth:\u00a0<\/strong>5.1<\/span><\/p>\n<p><span style=\"font-family: Arial, Helvetica, sans-serif;\"><strong>\u0420\u0430\u0437\u043c\u0435\u0440\u044b, \u043c\u043c:\u00a0<\/strong>359 x 236 x 19.9<\/span><\/p>\n<p><span style=\"font-family: Arial, Helvetica, sans-serif;\"><strong>\u0412\u0435\u0441 (\u043a\u0433:\u00a0<\/strong>1.7<\/span><\/p>\n<p><span style=\"font-family: Arial, Helvetica, sans-serif;\"><strong>\u0426\u0432\u0435\u0442:\u00a0<\/strong>Business Black<\/span><\/p>","protected":false},"excerpt":{"rendered":"<p>\u041e\u043f\u0435\u0440\u0430\u0446\u0438\u043e\u043d\u043d\u0430\u044f \u0441\u0438\u0441\u0442\u0435\u043c\u0430: \u0411\u0435\u0441\u043f\u043b\u0430\u0442\u043d\u0430\u044f DOS.<\/p>\n<p>Prosessor: Intel\u00ae Core\u2122 i5-1235U<\/p>\n<p>Videokart:\u00a0qura\u015fd\u0131r\u0131lm\u0131\u015f Intel\u00ae Iris\u00ae Xe Graphics<\/p>\n<p>\u041e\u043f\u0435\u0440\u0430\u0442\u0438\u0432\u043d\u0430\u044f \u043f\u0430\u043c\u044f\u0442\u044c: 8 GB<\/p>\n<p>SSD: 256 GB<\/p>\n<p>\u0414\u0438\u0430\u0433\u043e\u043d\u0430\u043b\u044c \u044d\u043a\u0440\u0430\u043d\u0430: 15,6<\/p>\n<p>\u0413\u0430\u0440\u0430\u043d\u0442\u0438\u0439\u043d\u044b\u0439 \u0441\u0440\u043e\u043a: 12 \u043c\u0435\u0441\u044f\u0446\u0435\u0432.<\/p>","protected":false},"featured_media":5704,"comment_status":"closed","ping_status":"closed","template":"","meta":[],"product_brand":[],"product_cat":[141],"product_tag":[],"class_list":{"0":"post-5703","1":"product","2":"type-product","3":"status-publish","4":"has-post-thumbnail","6":"product_cat-noutbuklar-az","7":"pa_eo-free-dos","8":"pa_istehsalci-lenovo","9":"pa_nuve-sayi-2824","10":"pa_operativ-yaddas-8-gb","11":"pa_prosessor-intel-core-i5-1235u-az","12":"pa_reng-qara","13":"pa_seriya-v15","14":"pa_ssd-256-gb","15":"pa_tyinat-universal","16":"pa_videokart-modeli-intel-iris-xe-graphics","18":"first","19":"instock","20":"shipping-taxable","21":"purchasable","22":"product-type-simple"},"_links":{"self":[{"href":"https:\/\/technoworld.az\/ru\/wp-json\/wp\/v2\/product\/5703","targetHints":{"allow":["GET"]}}],"collection":[{"href":"https:\/\/technoworld.az\/ru\/wp-json\/wp\/v2\/product"}],"about":[{"href":"https:\/\/technoworld.az\/ru\/wp-json\/wp\/v2\/types\/product"}],"replies":[{"embeddable":true,"href":"https:\/\/technoworld.az\/ru\/wp-json\/wp\/v2\/comments?post=5703"}],"wp:featuredmedia":[{"embeddable":true,"href":"https:\/\/technoworld.az\/ru\/wp-json\/wp\/v2\/media\/5704"}],"wp:attachment":[{"href":"https:\/\/technoworld.az\/ru\/wp-json\/wp\/v2\/media?parent=5703"}],"wp:term":[{"taxonomy":"product_brand","embeddable":true,"href":"https:\/\/technoworld.az\/ru\/wp-json\/wp\/v2\/product_brand?post=5703"},{"taxonomy":"product_cat","embeddable":true,"href":"https:\/\/technoworld.az\/ru\/wp-json\/wp\/v2\/product_cat?post=5703"},{"taxonomy":"product_tag","embeddable":true,"href":"https:\/\/technoworld.az\/ru\/wp-json\/wp\/v2\/product_tag?post=5703"}],"curies":[{"name":"wp","href":"https:\/\/api.w.org\/{rel}","templated":true}]}}