{"id":7922,"date":"2024-01-23T18:53:27","date_gmt":"2024-01-23T15:53:27","guid":{"rendered":"https:\/\/technoworld.az\/?post_type=product&#038;p=7922"},"modified":"2024-05-27T13:54:44","modified_gmt":"2024-05-27T10:54:44","slug":"lenovo-ic-aio-3-24iap7-f0gh00ppru","status":"publish","type":"product","link":"https:\/\/technoworld.az\/ru\/product\/lenovo-ic-aio-3-24iap7-f0gh00ppru\/","title":{"rendered":"Monoblok Lenovo IdeaCentre AIO 3 24IAP7 (F0GH00PPRU)"},"content":{"rendered":"<p><span style=\"font-family: Arial, Helvetica, sans-serif;\"><strong>\u0411\u0440\u0435\u043d\u0434:<\/strong> Lenovo<\/span><\/p>\n<p><span style=\"font-family: Arial, Helvetica, sans-serif;\"><strong>\u041c\u043e\u0434\u0435\u043b\u044c<\/strong> IdeaCentre<\/span><\/p>\n<p><span style=\"font-family: Arial, Helvetica, sans-serif;\"><strong>\u041e\u043f\u0435\u0440\u0430\u0446\u0438\u043e\u043d\u043d\u0430\u044f \u0441\u0438\u0441\u0442\u0435\u043c\u0430:<\/strong> Free DOS<\/span><\/p>\n<p><span style=\"font-family: Arial, Helvetica, sans-serif;\"><strong>\u041f\u0440\u043e\u0446\u0435\u0441\u0441\u043e\u0440:<\/strong> Intel\u00ae Core\u2122 i5-1235U, 10C, (1.3 &#8211; 4.4 GHz)<\/span><\/p>\n<p><span style=\"font-family: Arial, Helvetica, sans-serif;\"><strong>\u0412\u0438\u0434\u0435\u043e\u043a\u0430\u0440\u0442\u0430: <\/strong>\u0432\u0441\u0442\u0440\u043e\u0435\u043d\u043d\u0430\u044f \u0433\u0440\u0430\u0444\u0438\u043a\u0430 Intel Iris Xe<\/span><\/p>\n<p><span style=\"font-family: Arial, Helvetica, sans-serif;\"><strong>\u041e\u043f\u0435\u0440\u0430\u0442\u0438\u0432\u043d\u0430\u044f \u043f\u0430\u043c\u044f\u0442\u044c:<\/strong> 8GB DDR4-3200<\/span><\/p>\n<p><span style=\"font-family: Arial, Helvetica, sans-serif;\"><strong>SSD:<\/strong> 512GB<\/span><\/p>\n<p><span style=\"font-family: Arial, Helvetica, sans-serif;\"><strong>\u0422\u0438\u043f \u044d\u043a\u0440\u0430\u043d\u0430:\u00a0<\/strong>IPS<\/span><\/p>\n<p><span style=\"font-family: Arial, Helvetica, sans-serif;\"><strong>\u041f\u043e\u043a\u0440\u044b\u0442\u0438\u0435 \u044d\u043a\u0440\u0430\u043d\u0430:<\/strong> Anti-Glare<\/span><\/p>\n<p><span style=\"font-family: Arial, Helvetica, sans-serif;\"><strong>\u0414\u0438\u0430\u0433\u043e\u043d\u0430\u043b\u044c \u044d\u043a\u0440\u0430\u043d\u0430:\u00a0<\/strong>23.8<\/span><\/p>\n<p><span style=\"font-family: Arial, Helvetica, sans-serif;\"><strong>\u0412\u043e\u0437\u043c\u043e\u0436\u043d\u043e\u0441\u0442\u0438 \u0434\u0438\u0441\u043f\u043b\u0435\u044f: <\/strong>FHD (1920 x 1080)<\/span><\/p>\n<p><span style=\"font-family: Arial, Helvetica, sans-serif;\"><strong>Parlaql\u0131q, kd\/m2<\/strong><strong>:<\/strong> 250<\/span><\/p>\n<p><span style=\"font-family: Arial, Helvetica, sans-serif;\"><strong>Qida blokunun g\u00fcc\u00fc, Vt: <\/strong>90<\/span><\/p>\n<p><span style=\"font-family: Arial, Helvetica, sans-serif;\"><strong>\u0418\u043d\u0442\u0435\u0440\u0444\u0435\u0439\u0441\u044b: <\/strong>2x USB 2.0 Type-A, 2x USB 3.2 Type-A, 1x HDMI 1.4b, 1x RJ-45<\/span><\/p>\n<p><span style=\"font-family: Arial, Helvetica, sans-serif;\"><strong>\u0412\u0435\u0431-<\/strong><strong> \u043a\u0430\u043c\u0435\u0440\u0430 <\/strong>var<\/span><\/p>\n<p><span style=\"font-family: Arial, Helvetica, sans-serif;\"><strong>Wi-Fi:<\/strong> 5 (802.11ac)<\/span><\/p>\n<p><span style=\"font-family: Arial, Helvetica, sans-serif;\"><strong>Bluetooth: <\/strong>5.1<\/span><\/p>\n<p><strong><span style=\"font-family: Arial, Helvetica, sans-serif;\">\u018flav\u0259 m\u0259lumat:<\/span><\/strong><span style=\"font-family: Arial, Helvetica, sans-serif;\"> qura\u015fd\u0131r\u0131lm\u0131\u015f dinamikl\u0259r, klaviatura v\u0259 si\u00e7an var<\/span><\/p>\n<p><span style=\"font-family: Arial, Helvetica, sans-serif;\"><strong>\u0420\u0430\u0437\u043c\u0435\u0440\u044b, \u043c\u043c: <\/strong>541.2 x 433.96 x 185.34<\/span><\/p>\n<p><span style=\"font-family: Arial, Helvetica, sans-serif;\"><strong>\u0412\u0435\u0441 (\u043a\u0433:<\/strong> 7.03<\/span><\/p>\n<p><span style=\"font-family: Arial, Helvetica, sans-serif;\"><strong>\u0426\u0432\u0435\u0442:<\/strong> White<\/span><\/p>","protected":false},"excerpt":{"rendered":"<p><span style=\"font-family: 'Trebuchet MS', Geneva; font-size: 12pt;\"><em>\u00a0&nbsp;<\/em><em>&nbsp;<\/em><em>&nbsp;<\/em><em>\u041e\u043f\u0435\u0440\u0430\u0446\u0438\u043e\u043d\u043d\u0430\u044f \u0441\u0438\u0441\u0442\u0435\u043c\u0430:\u00a0<\/em><em>Free DOS<\/em><\/span><\/p>\n<p><span style=\"font-family: 'Trebuchet MS', Geneva; font-size: 12pt;\"><em>Prosessor: Intel\u00ae Core\u2122 i5-1235U<\/em><\/span><\/p>\n<p><span style=\"font-family: 'Trebuchet MS', Geneva; font-size: 12pt;\"><em>Videokart: qura\u015fd\u0131r\u0131lm\u0131\u015f Intel Iris Xe Graphics<\/em><\/span><\/p>\n<p><span style=\"font-family: 'Trebuchet MS', Geneva; font-size: 12pt;\"><em>\u041e\u043f\u0435\u0440\u0430\u0442\u0438\u0432\u043d\u0430\u044f \u043f\u0430\u043c\u044f\u0442\u044c: 8 GB<\/em><\/span><\/p>\n<p><span style=\"font-family: 'Trebuchet MS', Geneva; font-size: 12pt;\"><em>SSD: 512 GB<\/em><\/span><\/p>\n<p><span style=\"font-family: 'Trebuchet MS', Geneva; font-size: 12pt;\"><em>\u0422\u0438\u043f \u044d\u043a\u0440\u0430\u043d\u0430: <\/em><em>IPS<\/em><\/span><\/p>\n<p><span style=\"font-family: 'Trebuchet MS', Geneva; font-size: 12pt;\"><em>Ekran \u00f6rt\u00fcy\u00fc: Anti-Glare<\/em><\/span><\/p>\n<p><span style=\"font-family: 'Trebuchet MS', Geneva; font-size: 12pt;\"><em>Ekran diaqonal\u0131: 23.8<\/em><\/span><\/p>","protected":false},"featured_media":11828,"comment_status":"closed","ping_status":"closed","template":"","meta":[],"product_brand":[],"product_cat":[139],"product_tag":[],"class_list":{"0":"post-7922","1":"product","2":"type-product","3":"status-publish","4":"has-post-thumbnail","6":"product_cat-monobloklar-az","7":"pa_eo-free-dos","8":"pa_istehsalci-lenovo","9":"pa_nuve-sayi-2824","10":"pa_operativ-yaddas-8-gb","11":"pa_prosessor-intel-core-i5-1235u-az","12":"pa_reng-ag","13":"pa_seriya-ideacentre","14":"pa_ssd-512-gb","15":"pa_videokart-modeli-intel-iris-xe-graphics","17":"first","18":"instock","19":"shipping-taxable","20":"purchasable","21":"product-type-simple"},"_links":{"self":[{"href":"https:\/\/technoworld.az\/ru\/wp-json\/wp\/v2\/product\/7922","targetHints":{"allow":["GET"]}}],"collection":[{"href":"https:\/\/technoworld.az\/ru\/wp-json\/wp\/v2\/product"}],"about":[{"href":"https:\/\/technoworld.az\/ru\/wp-json\/wp\/v2\/types\/product"}],"replies":[{"embeddable":true,"href":"https:\/\/technoworld.az\/ru\/wp-json\/wp\/v2\/comments?post=7922"}],"wp:featuredmedia":[{"embeddable":true,"href":"https:\/\/technoworld.az\/ru\/wp-json\/wp\/v2\/media\/11828"}],"wp:attachment":[{"href":"https:\/\/technoworld.az\/ru\/wp-json\/wp\/v2\/media?parent=7922"}],"wp:term":[{"taxonomy":"product_brand","embeddable":true,"href":"https:\/\/technoworld.az\/ru\/wp-json\/wp\/v2\/product_brand?post=7922"},{"taxonomy":"product_cat","embeddable":true,"href":"https:\/\/technoworld.az\/ru\/wp-json\/wp\/v2\/product_cat?post=7922"},{"taxonomy":"product_tag","embeddable":true,"href":"https:\/\/technoworld.az\/ru\/wp-json\/wp\/v2\/product_tag?post=7922"}],"curies":[{"name":"wp","href":"https:\/\/api.w.org\/{rel}","templated":true}]}}